{"id":926,"date":"2019-11-06T02:41:01","date_gmt":"2019-11-06T01:41:01","guid":{"rendered":"https:\/\/www.groupecaroli.mc\/caroli-media\/"},"modified":"2019-11-06T02:41:02","modified_gmt":"2019-11-06T01:41:02","slug":"caroli-media","status":"publish","type":"page","link":"https:\/\/www.groupecaroli.mc\/en\/caroli-media\/","title":{"rendered":"CAROLI M\u00c9DIA"},"content":{"rendered":"<div class=\"fusion-fullwidth fullwidth-box fusion-builder-row-1 nonhundred-percent-fullwidth non-hundred-percent-height-scrolling\" style=\"--awb-border-radius-top-left:0px;--awb-border-radius-top-right:0px;--awb-border-radius-bottom-right:0px;--awb-border-radius-bottom-left:0px;--awb-flex-wrap:wrap;\" ><div class=\"fusion-builder-row fusion-row\"><div class=\"fusion-layout-column fusion_builder_column fusion-builder-column-0 fusion_builder_column_1_1 1_1 fusion-one-full fusion-column-first fusion-column-last\" style=\"--awb-bg-size:cover;\"><div class=\"fusion-column-wrapper fusion-column-has-shadow fusion-flex-column-wrapper-legacy\"><div class=\"fusion-section-separator section-separator slant fusion-section-separator-1\" style=\"--awb-spacer-height:99px;--awb-svg-margin-left:0;--awb-svg-margin-right:0;--awb-divider-height:99px;--awb-spacer-padding-top:inherit;--awb-sep-padding:0;--awb-svg-padding:0;\"><div class=\"fusion-section-separator-svg\"><svg class=\"fusion-slant-candy\" xmlns=\"http:\/\/www.w3.org\/2000\/svg\" version=\"1.1\" width=\"100%\" height=\"100\" viewBox=\"0 0 100 100\" preserveAspectRatio=\"none\" fill=\"rgba(0,161,214,1)\"><path d=\"M100 0 L100 100 L0 0 Z\"><\/path><\/svg><\/div><div class=\"fusion-section-separator-spacer\"><div class=\"fusion-section-separator-spacer-height\"><\/div><\/div><\/div><div class=\"fusion-clearfix\"><\/div><\/div><\/div><div class=\"fusion-layout-column fusion_builder_column fusion-builder-column-1 fusion_builder_column_1_3 1_3 fusion-one-third fusion-column-first\" style=\"--awb-bg-size:cover;width:33.333333333333%;width:calc(33.333333333333% - ( ( 4% ) * 0.33333333333333 ) );margin-right: 4%;\"><div class=\"fusion-column-wrapper fusion-column-has-shadow fusion-flex-column-wrapper-legacy\"><div class=\"fusion-image-element fusion-image-align-center in-legacy-container\" style=\"text-align:center;--awb-caption-title-font-family:var(--h2_typography-font-family);--awb-caption-title-font-weight:var(--h2_typography-font-weight);--awb-caption-title-font-style:var(--h2_typography-font-style);--awb-caption-title-size:var(--h2_typography-font-size);--awb-caption-title-transform:var(--h2_typography-text-transform);--awb-caption-title-line-height:var(--h2_typography-line-height);--awb-caption-title-letter-spacing:var(--h2_typography-letter-spacing);\"><div class=\"imageframe-align-center\"><span class=\" fusion-imageframe imageframe-none imageframe-1 hover-type-none\"><img decoding=\"async\" width=\"300\" height=\"125\" title=\"logo-carolimedia\" src=\"http:\/\/www.groupecaroli.mc\/wp-content\/uploads\/2019\/10\/logo-carolimedia.png\" alt class=\"img-responsive wp-image-799\" srcset=\"https:\/\/www.groupecaroli.mc\/wp-content\/uploads\/2019\/10\/logo-carolimedia-200x83.png 200w, https:\/\/www.groupecaroli.mc\/wp-content\/uploads\/2019\/10\/logo-carolimedia.png 300w\" sizes=\"(max-width: 800px) 100vw, 300px\" \/><\/span><\/div><\/div><div class=\"fusion-sep-clear\"><\/div><div class=\"fusion-separator fusion-full-width-sep\" style=\"margin-left: auto;margin-right: auto;margin-top:60px;width:100%;\"><\/div><div class=\"fusion-sep-clear\"><\/div>\n<div class=\"fusion-image-element fusion-image-align-center in-legacy-container\" style=\"text-align:center;--awb-caption-title-font-family:var(--h2_typography-font-family);--awb-caption-title-font-weight:var(--h2_typography-font-weight);--awb-caption-title-font-style:var(--h2_typography-font-style);--awb-caption-title-size:var(--h2_typography-font-size);--awb-caption-title-transform:var(--h2_typography-text-transform);--awb-caption-title-line-height:var(--h2_typography-line-height);--awb-caption-title-letter-spacing:var(--h2_typography-letter-spacing);\"><div class=\"imageframe-align-center\"><span class=\" fusion-imageframe imageframe-none imageframe-2 hover-type-none\" style=\"border-radius:5px;\"><img decoding=\"async\" width=\"400\" height=\"300\" title=\"media\" src=\"http:\/\/www.groupecaroli.mc\/wp-content\/uploads\/2019\/09\/media.jpg\" alt class=\"img-responsive wp-image-741\" srcset=\"https:\/\/www.groupecaroli.mc\/wp-content\/uploads\/2019\/09\/media-200x150.jpg 200w, https:\/\/www.groupecaroli.mc\/wp-content\/uploads\/2019\/09\/media.jpg 400w\" sizes=\"(max-width: 800px) 100vw, 400px\" \/><\/span><\/div><\/div><div class=\"fusion-sep-clear\"><\/div><div class=\"fusion-separator fusion-full-width-sep\" style=\"margin-left: auto;margin-right: auto;margin-top:30px;width:100%;\"><\/div><div class=\"fusion-sep-clear\"><\/div><div class=\"fusion-image-carousel fusion-image-carousel-auto fusion-image-carousel-1\"><div class=\"awb-carousel awb-swiper awb-swiper-carousel\" data-autoplay=\"yes\" data-columns=\"1\" data-itemmargin=\"13\" data-itemwidth=\"180\" data-touchscroll=\"no\" data-imagesize=\"auto\" style=\"--awb-columns:1;\"><div class=\"swiper-wrapper awb-image-carousel-wrapper fusion-flex-align-items-center\"><div class=\"swiper-slide\"><div class=\"fusion-carousel-item-wrapper\"><div class=\"fusion-image-wrapper hover-type-none\"><img decoding=\"async\" width=\"400\" height=\"534\" src=\"https:\/\/www.groupecaroli.mc\/wp-content\/uploads\/2019\/09\/media-observateur.jpg\" class=\"attachment-full size-full\" alt=\"\" srcset=\"https:\/\/www.groupecaroli.mc\/wp-content\/uploads\/2019\/09\/media-observateur-200x267.jpg 200w, https:\/\/www.groupecaroli.mc\/wp-content\/uploads\/2019\/09\/media-observateur-225x300.jpg 225w, https:\/\/www.groupecaroli.mc\/wp-content\/uploads\/2019\/09\/media-observateur.jpg 400w\" sizes=\"(max-width: 400px) 100vw, 400px\" \/><\/div><\/div><\/div><div class=\"swiper-slide\"><div class=\"fusion-carousel-item-wrapper\"><div class=\"fusion-image-wrapper hover-type-none\"><img decoding=\"async\" width=\"400\" height=\"534\" src=\"https:\/\/www.groupecaroli.mc\/wp-content\/uploads\/2019\/09\/media-hebdo.jpg\" class=\"attachment-full size-full\" alt=\"\" srcset=\"https:\/\/www.groupecaroli.mc\/wp-content\/uploads\/2019\/09\/media-hebdo-200x267.jpg 200w, https:\/\/www.groupecaroli.mc\/wp-content\/uploads\/2019\/09\/media-hebdo-225x300.jpg 225w, https:\/\/www.groupecaroli.mc\/wp-content\/uploads\/2019\/09\/media-hebdo.jpg 400w\" sizes=\"(max-width: 400px) 100vw, 400px\" \/><\/div><\/div><\/div><\/div><\/div><\/div><div class=\"fusion-clearfix\"><\/div><\/div><\/div><div class=\"fusion-layout-column fusion_builder_column fusion-builder-column-2 fusion_builder_column_2_3 2_3 fusion-two-third fusion-column-last\" style=\"--awb-bg-size:cover;width:66.666666666667%;width:calc(66.666666666667% - ( ( 4% ) * 0.66666666666667 ) );\"><div class=\"fusion-column-wrapper fusion-column-has-shadow fusion-flex-column-wrapper-legacy\"><div class=\"fusion-title title fusion-title-1 fusion-sep-none fusion-title-center fusion-title-text fusion-title-size-one\"><h1 class=\"fusion-title-heading title-heading-center\" style=\"margin:0;\">CAROLI M\u00c9DIA<\/h1><\/div><div class=\"fusion-title title fusion-title-2 fusion-sep-none fusion-title-center fusion-title-text fusion-title-size-two\"><h2 class=\"fusion-title-heading title-heading-center\" style=\"margin:0;\">MONACO HEBDO, A WEEKLY NEWSPAPER<\/h2><\/div><div class=\"fusion-text fusion-text-1\"><p>Created in September 1995, Monaco Hebdo is a weekly newspaper that provides general information about the Principality. Every week, professional journalists deliver to readers comprehensive and detailed information of all political, economic, judiciary, social, cultural, sport news of Monaco.<br \/>\nMon\u00e9gasques, residents, political and administrative staff, members of the public service are devoted readers of Monaco Hebdo.<\/p>\n<p><strong>News and investigations<\/strong><br \/>\nEvery week, the newspaper proposes a substantive file, supported by the evidences, gathered in the field and based on statistics. A real value added analysis of major events of the Principality. Monaco Hebdo is delivered every Thursday to newsstands and has the best frequency to cover substantive issues with necessary depth of perspective.<\/p>\n<p><strong>Wide distribution<\/strong><br \/>\nA wide distribution to Monaco and to the neighbouring areas :  Beausoleil, Cap d\u2019ail, Roquebrune-Cap-Martin and Nice, it is the most important broadcast (outside the surroundings). Monaco Hebdo counts 600 subscribers. Embassies, tourism offices, Mon\u00e9qasques living abroad are also among them. Every week, several hundred copies are available for free to costumers of Monaco Heliport, of Monte Carlo Country Club as well as Principality\u2019s hotels, such as : H\u00f4tel de Paris, Hermitage, Caf\u00e9 de Paris, H\u00f4tel M\u00e9tropole, Novotel, Mariott hotel. <\/p>\n<p><strong>Cooperation with prestigious organizations<\/strong><br \/>\nSince its creation many economic, social and cultural actors of Mon\u00e9gasque life have confidence in Monaco Hebdo throughout the year : Media Centre, Monaco T\u00e9l\u00e9com, the Monte-Carlo Opera, the Monte-Carlo Ballets, Princess Grace Theatre, Fnac, SMEG, H\u00e9liAir Monaco, Barclay\u2019s bank, Soci\u00e9t\u00e9 G\u00e9n\u00e9rale, Rotshild bank, Grimaldi Forum, Ascoma. Monaco Hebdo is also a partner of many prestigious events.<\/p>\n<p><strong>High visibility<\/strong><br \/>\nMonaco Hebdo has a great visibility within the Principality. Primarily, through regular reporting at the point of sale with flyers and displays stands of the newspaper, but also by means of local radio spots.<\/p>\n<\/div><div class=\"fusion-title title fusion-title-3 fusion-sep-none fusion-title-center fusion-title-text fusion-title-size-two\"><h2 class=\"fusion-title-heading title-heading-center\" style=\"margin:0;\">L&#8217;OBSERVATEUR DE MONACO, A MONTHLY MAGAZINE<\/h2><\/div><div class=\"fusion-text fusion-text-2\"><p>Created in November 2005, L\u2019Observateur de Monaco is the Mon\u00e9gasque monthly magazine of general information. <\/p>\n<p><strong>Analyses and debates<\/strong><br \/>\nPolitics, economy, sport, society, leisure, culture, judiciary, testing\u2026 Every month, all the news of the Principality is under scrutiny of the L\u2019Obs\u2019s team.  With researches, interviews and reportages. But the real strength of L\u2019Obs is its briefs. An opportunity to delve into the hot topics that shake Monaco, due to surveys, analyses and open debates. While also providing a forum for experts. This allows readers to understand better the issues of hot topics.<\/p>\n<p><strong>Optimized delivery<\/strong><br \/>\nWith 11 editions per year and the set release date at the beginning of every month, L\u2019Observateur de Monaco is broadly disseminated to the public and institutions. Every month, several hundred copies of L\u2019Obs are distributed to clients of Monaco heliport. Thus, providing an additional diffusion. Moreover, the news magazine receives effective visibility by means of flyers installed at newspaper sellers of the Principality.<\/p>\n<\/div><div class=\"fusion-clearfix\"><\/div><\/div><\/div><div class=\"fusion-layout-column fusion_builder_column fusion-builder-column-3 fusion_builder_column_1_1 1_1 fusion-one-full fusion-column-first fusion-column-last\" style=\"--awb-bg-size:cover;\"><div class=\"fusion-column-wrapper fusion-column-has-shadow fusion-flex-column-wrapper-legacy\"><div class=\"fusion-section-separator section-separator slant fusion-section-separator-2\" style=\"--awb-spacer-height:99px;--awb-svg-margin-left:0;--awb-svg-margin-right:0;--awb-divider-height:99px;--awb-spacer-padding-top:inherit;--awb-sep-padding:0;--awb-svg-padding:0;--awb-svg-tag-margin-bottom:-3px;--awb-sep-svg-display:block;\"><div class=\"fusion-section-separator-svg\"><svg class=\"fusion-slant-candy\" xmlns=\"http:\/\/www.w3.org\/2000\/svg\" version=\"1.1\" width=\"100%\" height=\"100\" viewBox=\"0 0 100 100\" preserveAspectRatio=\"none\" fill=\"rgba(0,161,214,1)\"><path d=\"M0 0 L0 100 L100 100 Z\"><\/path><\/svg><\/div><div class=\"fusion-section-separator-spacer\"><div class=\"fusion-section-separator-spacer-height\"><\/div><\/div><\/div><div class=\"fusion-clearfix\"><\/div><\/div><\/div><\/div><\/div>\n","protected":false},"excerpt":{"rendered":"","protected":false},"author":3,"featured_media":0,"parent":0,"menu_order":0,"comment_status":"closed","ping_status":"closed","template":"100-width.php","meta":{"footnotes":""},"class_list":["post-926","page","type-page","status-publish","hentry"],"yoast_head":"<!-- This site is optimized with the Yoast SEO plugin v24.2 - https:\/\/yoast.com\/wordpress\/plugins\/seo\/ -->\n<title>CAROLI M\u00c9DIA - Groupe Caroli<\/title>\n<meta name=\"robots\" content=\"index, follow, max-snippet:-1, max-image-preview:large, max-video-preview:-1\" \/>\n<link rel=\"canonical\" href=\"https:\/\/www.groupecaroli.mc\/en\/caroli-media\/\" \/>\n<meta property=\"og:locale\" content=\"en_US\" \/>\n<meta property=\"og:type\" content=\"article\" \/>\n<meta property=\"og:title\" content=\"CAROLI M\u00c9DIA - Groupe Caroli\" \/>\n<meta property=\"og:url\" content=\"https:\/\/www.groupecaroli.mc\/en\/caroli-media\/\" \/>\n<meta property=\"og:site_name\" content=\"Groupe Caroli\" \/>\n<meta property=\"article:publisher\" content=\"https:\/\/www.facebook.com\/carolicom\/\" \/>\n<meta property=\"article:modified_time\" content=\"2019-11-06T01:41:02+00:00\" \/>\n<meta name=\"twitter:card\" content=\"summary_large_image\" \/>\n<meta name=\"twitter:label1\" content=\"Est. reading time\" \/>\n\t<meta name=\"twitter:data1\" content=\"7 minutes\" \/>\n<script type=\"application\/ld+json\" class=\"yoast-schema-graph\">{\"@context\":\"https:\/\/schema.org\",\"@graph\":[{\"@type\":\"WebPage\",\"@id\":\"https:\/\/www.groupecaroli.mc\/en\/caroli-media\/\",\"url\":\"https:\/\/www.groupecaroli.mc\/en\/caroli-media\/\",\"name\":\"CAROLI M\u00c9DIA - Groupe Caroli\",\"isPartOf\":{\"@id\":\"https:\/\/www.groupecaroli.mc\/en\/#website\"},\"datePublished\":\"2019-11-06T01:41:01+00:00\",\"dateModified\":\"2019-11-06T01:41:02+00:00\",\"breadcrumb\":{\"@id\":\"https:\/\/www.groupecaroli.mc\/en\/caroli-media\/#breadcrumb\"},\"inLanguage\":\"en-US\",\"potentialAction\":[{\"@type\":\"ReadAction\",\"target\":[\"https:\/\/www.groupecaroli.mc\/en\/caroli-media\/\"]}]},{\"@type\":\"BreadcrumbList\",\"@id\":\"https:\/\/www.groupecaroli.mc\/en\/caroli-media\/#breadcrumb\",\"itemListElement\":[{\"@type\":\"ListItem\",\"position\":1,\"name\":\"Accueil\",\"item\":\"https:\/\/www.groupecaroli.mc\/en\/\"},{\"@type\":\"ListItem\",\"position\":2,\"name\":\"CAROLI M\u00c9DIA\"}]},{\"@type\":\"WebSite\",\"@id\":\"https:\/\/www.groupecaroli.mc\/en\/#website\",\"url\":\"https:\/\/www.groupecaroli.mc\/en\/\",\"name\":\"Groupe Caroli\",\"description\":\"Groupe Caroli\",\"publisher\":{\"@id\":\"https:\/\/www.groupecaroli.mc\/en\/#organization\"},\"potentialAction\":[{\"@type\":\"SearchAction\",\"target\":{\"@type\":\"EntryPoint\",\"urlTemplate\":\"https:\/\/www.groupecaroli.mc\/en\/?s={search_term_string}\"},\"query-input\":{\"@type\":\"PropertyValueSpecification\",\"valueRequired\":true,\"valueName\":\"search_term_string\"}}],\"inLanguage\":\"en-US\"},{\"@type\":\"Organization\",\"@id\":\"https:\/\/www.groupecaroli.mc\/en\/#organization\",\"name\":\"Groupe Caroli\",\"url\":\"https:\/\/www.groupecaroli.mc\/en\/\",\"logo\":{\"@type\":\"ImageObject\",\"inLanguage\":\"en-US\",\"@id\":\"https:\/\/www.groupecaroli.mc\/en\/#\/schema\/logo\/image\/\",\"url\":\"https:\/\/www.groupecaroli.mc\/wp-content\/uploads\/2020\/11\/favicon.png\",\"contentUrl\":\"https:\/\/www.groupecaroli.mc\/wp-content\/uploads\/2020\/11\/favicon.png\",\"width\":151,\"height\":131,\"caption\":\"Groupe Caroli\"},\"image\":{\"@id\":\"https:\/\/www.groupecaroli.mc\/en\/#\/schema\/logo\/image\/\"},\"sameAs\":[\"https:\/\/www.facebook.com\/carolicom\/\"]}]}<\/script>\n<!-- \/ Yoast SEO plugin. -->","yoast_head_json":{"title":"CAROLI M\u00c9DIA - Groupe Caroli","robots":{"index":"index","follow":"follow","max-snippet":"max-snippet:-1","max-image-preview":"max-image-preview:large","max-video-preview":"max-video-preview:-1"},"canonical":"https:\/\/www.groupecaroli.mc\/en\/caroli-media\/","og_locale":"en_US","og_type":"article","og_title":"CAROLI M\u00c9DIA - Groupe Caroli","og_url":"https:\/\/www.groupecaroli.mc\/en\/caroli-media\/","og_site_name":"Groupe Caroli","article_publisher":"https:\/\/www.facebook.com\/carolicom\/","article_modified_time":"2019-11-06T01:41:02+00:00","twitter_card":"summary_large_image","twitter_misc":{"Est. reading time":"7 minutes"},"schema":{"@context":"https:\/\/schema.org","@graph":[{"@type":"WebPage","@id":"https:\/\/www.groupecaroli.mc\/en\/caroli-media\/","url":"https:\/\/www.groupecaroli.mc\/en\/caroli-media\/","name":"CAROLI M\u00c9DIA - Groupe Caroli","isPartOf":{"@id":"https:\/\/www.groupecaroli.mc\/en\/#website"},"datePublished":"2019-11-06T01:41:01+00:00","dateModified":"2019-11-06T01:41:02+00:00","breadcrumb":{"@id":"https:\/\/www.groupecaroli.mc\/en\/caroli-media\/#breadcrumb"},"inLanguage":"en-US","potentialAction":[{"@type":"ReadAction","target":["https:\/\/www.groupecaroli.mc\/en\/caroli-media\/"]}]},{"@type":"BreadcrumbList","@id":"https:\/\/www.groupecaroli.mc\/en\/caroli-media\/#breadcrumb","itemListElement":[{"@type":"ListItem","position":1,"name":"Accueil","item":"https:\/\/www.groupecaroli.mc\/en\/"},{"@type":"ListItem","position":2,"name":"CAROLI M\u00c9DIA"}]},{"@type":"WebSite","@id":"https:\/\/www.groupecaroli.mc\/en\/#website","url":"https:\/\/www.groupecaroli.mc\/en\/","name":"Groupe Caroli","description":"Groupe Caroli","publisher":{"@id":"https:\/\/www.groupecaroli.mc\/en\/#organization"},"potentialAction":[{"@type":"SearchAction","target":{"@type":"EntryPoint","urlTemplate":"https:\/\/www.groupecaroli.mc\/en\/?s={search_term_string}"},"query-input":{"@type":"PropertyValueSpecification","valueRequired":true,"valueName":"search_term_string"}}],"inLanguage":"en-US"},{"@type":"Organization","@id":"https:\/\/www.groupecaroli.mc\/en\/#organization","name":"Groupe Caroli","url":"https:\/\/www.groupecaroli.mc\/en\/","logo":{"@type":"ImageObject","inLanguage":"en-US","@id":"https:\/\/www.groupecaroli.mc\/en\/#\/schema\/logo\/image\/","url":"https:\/\/www.groupecaroli.mc\/wp-content\/uploads\/2020\/11\/favicon.png","contentUrl":"https:\/\/www.groupecaroli.mc\/wp-content\/uploads\/2020\/11\/favicon.png","width":151,"height":131,"caption":"Groupe Caroli"},"image":{"@id":"https:\/\/www.groupecaroli.mc\/en\/#\/schema\/logo\/image\/"},"sameAs":["https:\/\/www.facebook.com\/carolicom\/"]}]}},"_links":{"self":[{"href":"https:\/\/www.groupecaroli.mc\/en\/wp-json\/wp\/v2\/pages\/926","targetHints":{"allow":["GET"]}}],"collection":[{"href":"https:\/\/www.groupecaroli.mc\/en\/wp-json\/wp\/v2\/pages"}],"about":[{"href":"https:\/\/www.groupecaroli.mc\/en\/wp-json\/wp\/v2\/types\/page"}],"author":[{"embeddable":true,"href":"https:\/\/www.groupecaroli.mc\/en\/wp-json\/wp\/v2\/users\/3"}],"replies":[{"embeddable":true,"href":"https:\/\/www.groupecaroli.mc\/en\/wp-json\/wp\/v2\/comments?post=926"}],"version-history":[{"count":0,"href":"https:\/\/www.groupecaroli.mc\/en\/wp-json\/wp\/v2\/pages\/926\/revisions"}],"wp:attachment":[{"href":"https:\/\/www.groupecaroli.mc\/en\/wp-json\/wp\/v2\/media?parent=926"}],"curies":[{"name":"wp","href":"https:\/\/api.w.org\/{rel}","templated":true}]}}