{"id":938,"date":"2019-11-06T02:46:44","date_gmt":"2019-11-06T01:46:44","guid":{"rendered":"https:\/\/www.groupecaroli.mc\/monte-carlo-gastronomy\/"},"modified":"2019-11-06T02:46:45","modified_gmt":"2019-11-06T01:46:45","slug":"monte-carlo-gastronomy","status":"publish","type":"page","link":"https:\/\/www.groupecaroli.mc\/en\/monte-carlo-gastronomy\/","title":{"rendered":"MONTE-CARLO GASTRONOMY"},"content":{"rendered":"<div class=\"fusion-fullwidth fullwidth-box fusion-builder-row-1 nonhundred-percent-fullwidth non-hundred-percent-height-scrolling\" style=\"--awb-border-radius-top-left:0px;--awb-border-radius-top-right:0px;--awb-border-radius-bottom-right:0px;--awb-border-radius-bottom-left:0px;--awb-flex-wrap:wrap;\" ><div class=\"fusion-builder-row fusion-row\"><div class=\"fusion-layout-column fusion_builder_column fusion-builder-column-0 fusion_builder_column_1_1 1_1 fusion-one-full fusion-column-first fusion-column-last\" style=\"--awb-bg-size:cover;\"><div class=\"fusion-column-wrapper fusion-column-has-shadow fusion-flex-column-wrapper-legacy\"><div class=\"fusion-section-separator section-separator slant fusion-section-separator-1\" style=\"--awb-spacer-height:99px;--awb-svg-margin-left:0;--awb-svg-margin-right:0;--awb-divider-height:99px;--awb-spacer-padding-top:inherit;--awb-sep-padding:0;--awb-svg-padding:0;\"><div class=\"fusion-section-separator-svg\"><svg class=\"fusion-slant-candy\" xmlns=\"http:\/\/www.w3.org\/2000\/svg\" version=\"1.1\" width=\"100%\" height=\"100\" viewBox=\"0 0 100 100\" preserveAspectRatio=\"none\" fill=\"rgba(0,161,214,1)\"><path d=\"M100 0 L100 100 L0 0 Z\"><\/path><\/svg><\/div><div class=\"fusion-section-separator-spacer\"><div class=\"fusion-section-separator-spacer-height\"><\/div><\/div><\/div><div class=\"fusion-clearfix\"><\/div><\/div><\/div><div class=\"fusion-layout-column fusion_builder_column fusion-builder-column-1 fusion_builder_column_1_3 1_3 fusion-one-third fusion-column-first\" style=\"--awb-bg-size:cover;width:33.333333333333%;width:calc(33.333333333333% - ( ( 4% ) * 0.33333333333333 ) );margin-right: 4%;\"><div class=\"fusion-column-wrapper fusion-column-has-shadow fusion-flex-column-wrapper-legacy\"><div class=\"fusion-image-element fusion-image-align-center in-legacy-container\" style=\"text-align:center;--awb-caption-title-font-family:var(--h2_typography-font-family);--awb-caption-title-font-weight:var(--h2_typography-font-weight);--awb-caption-title-font-style:var(--h2_typography-font-style);--awb-caption-title-size:var(--h2_typography-font-size);--awb-caption-title-transform:var(--h2_typography-text-transform);--awb-caption-title-line-height:var(--h2_typography-line-height);--awb-caption-title-letter-spacing:var(--h2_typography-letter-spacing);\"><div class=\"imageframe-align-center\"><span class=\" fusion-imageframe imageframe-none imageframe-1 hover-type-none\"><img decoding=\"async\" width=\"177\" height=\"105\" title=\"carolicom-montecarlogastronomie\" src=\"http:\/\/www.groupecaroli.mc\/wp-content\/uploads\/2019\/10\/carolicom-montecarlogastronomie.png\" alt class=\"img-responsive wp-image-769\"\/><\/span><\/div><\/div><div class=\"fusion-sep-clear\"><\/div><div class=\"fusion-separator fusion-full-width-sep\" style=\"margin-left: auto;margin-right: auto;margin-top:60px;width:100%;\"><\/div><div class=\"fusion-sep-clear\"><\/div>\n<div class=\"fusion-image-element fusion-image-align-center in-legacy-container\" style=\"text-align:center;--awb-caption-title-font-family:var(--h2_typography-font-family);--awb-caption-title-font-weight:var(--h2_typography-font-weight);--awb-caption-title-font-style:var(--h2_typography-font-style);--awb-caption-title-size:var(--h2_typography-font-size);--awb-caption-title-transform:var(--h2_typography-text-transform);--awb-caption-title-line-height:var(--h2_typography-line-height);--awb-caption-title-letter-spacing:var(--h2_typography-letter-spacing);\"><div class=\"imageframe-align-center\"><span class=\" fusion-imageframe imageframe-none imageframe-2 hover-type-none\" style=\"border-radius:5px;\"><img decoding=\"async\" width=\"400\" height=\"300\" title=\"gastronomy\" src=\"http:\/\/www.groupecaroli.mc\/wp-content\/uploads\/2019\/09\/gastronomie.jpg\" alt class=\"img-responsive wp-image-755\" srcset=\"https:\/\/www.groupecaroli.mc\/wp-content\/uploads\/2019\/09\/gastronomie-200x150.jpg 200w, https:\/\/www.groupecaroli.mc\/wp-content\/uploads\/2019\/09\/gastronomie.jpg 400w\" sizes=\"(max-width: 800px) 100vw, 400px\" \/><\/span><\/div><\/div><div class=\"fusion-clearfix\"><\/div><\/div><\/div><div class=\"fusion-layout-column fusion_builder_column fusion-builder-column-2 fusion_builder_column_2_3 2_3 fusion-two-third fusion-column-last\" style=\"--awb-bg-size:cover;width:66.666666666667%;width:calc(66.666666666667% - ( ( 4% ) * 0.66666666666667 ) );\"><div class=\"fusion-column-wrapper fusion-column-has-shadow fusion-flex-column-wrapper-legacy\"><div class=\"fusion-title title fusion-title-1 fusion-sep-none fusion-title-center fusion-title-text fusion-title-size-one\"><h1 class=\"fusion-title-heading title-heading-center\" style=\"margin:0;\">MONTE-CARLO GASTRONOMY<\/h1><\/div><div class=\"fusion-title title fusion-title-2 fusion-sep-none fusion-title-center fusion-title-text fusion-title-size-two\"><h2 class=\"fusion-title-heading title-heading-center\" style=\"margin:0;\">AN EVENT FROM CAROLI GROUP<\/h2><\/div><div class=\"fusion-text fusion-text-1\"><p>Monte-Carlo Gastronomy exhibition is an irresistible invitation to the world of delicacies. It offers to gourmets, epicureans, curious, and amateurs a return to the world of authentic flavours and local products.<\/p>\n<p>Over the years, this appetizing exhibition has built success not only on quality products that passed a rigorous selection of exhibitors, but also on diversity and the importance of animation.<\/p>\n<p>Various cooking demonstrations are realized every day by the great chefs of Monaco and the French Riviera, thus revealing to visitors their prestigious secret recipes. A number of important associations participate in the exhibition, they are: Monaco Go\u00fbt et Saveurs, Slow Food Monaco Riviera C\u00f4te d\u2019Azur, the Association of French and Italian Ma\u00eetres d\u2019h\u00f4tels, the Mon\u00e9gasque Association of Sommeliers, the Association of Mon\u00e9gasque Hotel Industry.<\/p>\n<p>There are three contests that take place while the exhibition: the Maestro Chef Contest, dedicated to amateur cooks, the Contest of Restaurant Critics, rewarding the best wines and champagnes of present producers, and the Slow Food Contest dedicated to exhibitors of gastronomy awarded for the quality, originality, and innovation of their products.<br \/>\nMeaningful prizes for the exhibitors<br \/>\nThe prizes, always meaningful for the winners that were rewarded, are also valuable \u201cbuying guides\u201d for visitors, for them to be sure in excellence of label products. In partnership with our magazine L\u2019Observateur de Monaco, the award is offered each month, based on the votes of our readers for the best Mon\u00e9gasque pizzas, suchi, burgers, barbagiuans, pan bagnats, cocktails\u2026 Monte-Carlo Gastronomy is a gastronomic ambush and the key global event of authentic flavours of the holiday season.<\/p>\n<\/div><div class=\"fusion-aligncenter\"><a class=\"fusion-button button-flat fusion-button-default-size button-default fusion-button-default button-1 fusion-button-default-span fusion-button-default-type fusion-animated\" data-animationType=\"shake\" data-animationDuration=\"0.3\" data-animationOffset=\"top-into-view\" target=\"_blank\" rel=\"noopener noreferrer\" href=\"http:\/\/montecarlogastronomie.com\/fr\/\"><span class=\"fusion-button-icon-divider button-icon-divider-left\"><i class=\"fa-angle-double-right fas\" aria-hidden=\"true\"><\/i><\/span><span class=\"fusion-button-text fusion-button-text-left\">GO TO WEBSITE<\/span><\/a><\/div><div class=\"fusion-clearfix\"><\/div><\/div><\/div><div class=\"fusion-layout-column fusion_builder_column fusion-builder-column-3 fusion_builder_column_1_1 1_1 fusion-one-full fusion-column-first fusion-column-last\" style=\"--awb-bg-size:cover;\"><div class=\"fusion-column-wrapper fusion-column-has-shadow fusion-flex-column-wrapper-legacy\"><div class=\"fusion-section-separator section-separator slant fusion-section-separator-2\" style=\"--awb-spacer-height:99px;--awb-svg-margin-left:0;--awb-svg-margin-right:0;--awb-divider-height:99px;--awb-spacer-padding-top:inherit;--awb-sep-padding:0;--awb-svg-padding:0;--awb-svg-tag-margin-bottom:-3px;--awb-sep-svg-display:block;\"><div class=\"fusion-section-separator-svg\"><svg class=\"fusion-slant-candy\" xmlns=\"http:\/\/www.w3.org\/2000\/svg\" version=\"1.1\" width=\"100%\" height=\"100\" viewBox=\"0 0 100 100\" preserveAspectRatio=\"none\" fill=\"rgba(0,161,214,1)\"><path d=\"M0 0 L0 100 L100 100 Z\"><\/path><\/svg><\/div><div class=\"fusion-section-separator-spacer\"><div class=\"fusion-section-separator-spacer-height\"><\/div><\/div><\/div><div class=\"fusion-clearfix\"><\/div><\/div><\/div><\/div><\/div>\n","protected":false},"excerpt":{"rendered":"","protected":false},"author":3,"featured_media":0,"parent":0,"menu_order":0,"comment_status":"closed","ping_status":"closed","template":"100-width.php","meta":{"footnotes":""},"class_list":["post-938","page","type-page","status-publish","hentry"],"yoast_head":"<!-- This site is optimized with the Yoast SEO plugin v24.2 - https:\/\/yoast.com\/wordpress\/plugins\/seo\/ -->\n<title>MONTE-CARLO GASTRONOMY - Groupe Caroli<\/title>\n<meta name=\"robots\" content=\"index, follow, max-snippet:-1, max-image-preview:large, max-video-preview:-1\" \/>\n<link rel=\"canonical\" href=\"https:\/\/www.groupecaroli.mc\/en\/monte-carlo-gastronomy\/\" \/>\n<meta property=\"og:locale\" content=\"en_US\" \/>\n<meta property=\"og:type\" content=\"article\" \/>\n<meta property=\"og:title\" content=\"MONTE-CARLO GASTRONOMY - Groupe Caroli\" \/>\n<meta property=\"og:url\" content=\"https:\/\/www.groupecaroli.mc\/en\/monte-carlo-gastronomy\/\" \/>\n<meta property=\"og:site_name\" content=\"Groupe Caroli\" \/>\n<meta property=\"article:publisher\" content=\"https:\/\/www.facebook.com\/carolicom\/\" \/>\n<meta property=\"article:modified_time\" content=\"2019-11-06T01:46:45+00:00\" \/>\n<meta name=\"twitter:card\" content=\"summary_large_image\" \/>\n<meta name=\"twitter:label1\" content=\"Est. reading time\" \/>\n\t<meta name=\"twitter:data1\" content=\"6 minutes\" \/>\n<script type=\"application\/ld+json\" class=\"yoast-schema-graph\">{\"@context\":\"https:\/\/schema.org\",\"@graph\":[{\"@type\":\"WebPage\",\"@id\":\"https:\/\/www.groupecaroli.mc\/en\/monte-carlo-gastronomy\/\",\"url\":\"https:\/\/www.groupecaroli.mc\/en\/monte-carlo-gastronomy\/\",\"name\":\"MONTE-CARLO GASTRONOMY - Groupe Caroli\",\"isPartOf\":{\"@id\":\"https:\/\/www.groupecaroli.mc\/en\/#website\"},\"datePublished\":\"2019-11-06T01:46:44+00:00\",\"dateModified\":\"2019-11-06T01:46:45+00:00\",\"breadcrumb\":{\"@id\":\"https:\/\/www.groupecaroli.mc\/en\/monte-carlo-gastronomy\/#breadcrumb\"},\"inLanguage\":\"en-US\",\"potentialAction\":[{\"@type\":\"ReadAction\",\"target\":[\"https:\/\/www.groupecaroli.mc\/en\/monte-carlo-gastronomy\/\"]}]},{\"@type\":\"BreadcrumbList\",\"@id\":\"https:\/\/www.groupecaroli.mc\/en\/monte-carlo-gastronomy\/#breadcrumb\",\"itemListElement\":[{\"@type\":\"ListItem\",\"position\":1,\"name\":\"Accueil\",\"item\":\"https:\/\/www.groupecaroli.mc\/en\/\"},{\"@type\":\"ListItem\",\"position\":2,\"name\":\"MONTE-CARLO GASTRONOMY\"}]},{\"@type\":\"WebSite\",\"@id\":\"https:\/\/www.groupecaroli.mc\/en\/#website\",\"url\":\"https:\/\/www.groupecaroli.mc\/en\/\",\"name\":\"Groupe Caroli\",\"description\":\"Groupe Caroli\",\"publisher\":{\"@id\":\"https:\/\/www.groupecaroli.mc\/en\/#organization\"},\"potentialAction\":[{\"@type\":\"SearchAction\",\"target\":{\"@type\":\"EntryPoint\",\"urlTemplate\":\"https:\/\/www.groupecaroli.mc\/en\/?s={search_term_string}\"},\"query-input\":{\"@type\":\"PropertyValueSpecification\",\"valueRequired\":true,\"valueName\":\"search_term_string\"}}],\"inLanguage\":\"en-US\"},{\"@type\":\"Organization\",\"@id\":\"https:\/\/www.groupecaroli.mc\/en\/#organization\",\"name\":\"Groupe Caroli\",\"url\":\"https:\/\/www.groupecaroli.mc\/en\/\",\"logo\":{\"@type\":\"ImageObject\",\"inLanguage\":\"en-US\",\"@id\":\"https:\/\/www.groupecaroli.mc\/en\/#\/schema\/logo\/image\/\",\"url\":\"https:\/\/www.groupecaroli.mc\/wp-content\/uploads\/2020\/11\/favicon.png\",\"contentUrl\":\"https:\/\/www.groupecaroli.mc\/wp-content\/uploads\/2020\/11\/favicon.png\",\"width\":151,\"height\":131,\"caption\":\"Groupe Caroli\"},\"image\":{\"@id\":\"https:\/\/www.groupecaroli.mc\/en\/#\/schema\/logo\/image\/\"},\"sameAs\":[\"https:\/\/www.facebook.com\/carolicom\/\"]}]}<\/script>\n<!-- \/ Yoast SEO plugin. -->","yoast_head_json":{"title":"MONTE-CARLO GASTRONOMY - Groupe Caroli","robots":{"index":"index","follow":"follow","max-snippet":"max-snippet:-1","max-image-preview":"max-image-preview:large","max-video-preview":"max-video-preview:-1"},"canonical":"https:\/\/www.groupecaroli.mc\/en\/monte-carlo-gastronomy\/","og_locale":"en_US","og_type":"article","og_title":"MONTE-CARLO GASTRONOMY - Groupe Caroli","og_url":"https:\/\/www.groupecaroli.mc\/en\/monte-carlo-gastronomy\/","og_site_name":"Groupe Caroli","article_publisher":"https:\/\/www.facebook.com\/carolicom\/","article_modified_time":"2019-11-06T01:46:45+00:00","twitter_card":"summary_large_image","twitter_misc":{"Est. reading time":"6 minutes"},"schema":{"@context":"https:\/\/schema.org","@graph":[{"@type":"WebPage","@id":"https:\/\/www.groupecaroli.mc\/en\/monte-carlo-gastronomy\/","url":"https:\/\/www.groupecaroli.mc\/en\/monte-carlo-gastronomy\/","name":"MONTE-CARLO GASTRONOMY - Groupe Caroli","isPartOf":{"@id":"https:\/\/www.groupecaroli.mc\/en\/#website"},"datePublished":"2019-11-06T01:46:44+00:00","dateModified":"2019-11-06T01:46:45+00:00","breadcrumb":{"@id":"https:\/\/www.groupecaroli.mc\/en\/monte-carlo-gastronomy\/#breadcrumb"},"inLanguage":"en-US","potentialAction":[{"@type":"ReadAction","target":["https:\/\/www.groupecaroli.mc\/en\/monte-carlo-gastronomy\/"]}]},{"@type":"BreadcrumbList","@id":"https:\/\/www.groupecaroli.mc\/en\/monte-carlo-gastronomy\/#breadcrumb","itemListElement":[{"@type":"ListItem","position":1,"name":"Accueil","item":"https:\/\/www.groupecaroli.mc\/en\/"},{"@type":"ListItem","position":2,"name":"MONTE-CARLO GASTRONOMY"}]},{"@type":"WebSite","@id":"https:\/\/www.groupecaroli.mc\/en\/#website","url":"https:\/\/www.groupecaroli.mc\/en\/","name":"Groupe Caroli","description":"Groupe Caroli","publisher":{"@id":"https:\/\/www.groupecaroli.mc\/en\/#organization"},"potentialAction":[{"@type":"SearchAction","target":{"@type":"EntryPoint","urlTemplate":"https:\/\/www.groupecaroli.mc\/en\/?s={search_term_string}"},"query-input":{"@type":"PropertyValueSpecification","valueRequired":true,"valueName":"search_term_string"}}],"inLanguage":"en-US"},{"@type":"Organization","@id":"https:\/\/www.groupecaroli.mc\/en\/#organization","name":"Groupe Caroli","url":"https:\/\/www.groupecaroli.mc\/en\/","logo":{"@type":"ImageObject","inLanguage":"en-US","@id":"https:\/\/www.groupecaroli.mc\/en\/#\/schema\/logo\/image\/","url":"https:\/\/www.groupecaroli.mc\/wp-content\/uploads\/2020\/11\/favicon.png","contentUrl":"https:\/\/www.groupecaroli.mc\/wp-content\/uploads\/2020\/11\/favicon.png","width":151,"height":131,"caption":"Groupe Caroli"},"image":{"@id":"https:\/\/www.groupecaroli.mc\/en\/#\/schema\/logo\/image\/"},"sameAs":["https:\/\/www.facebook.com\/carolicom\/"]}]}},"_links":{"self":[{"href":"https:\/\/www.groupecaroli.mc\/en\/wp-json\/wp\/v2\/pages\/938","targetHints":{"allow":["GET"]}}],"collection":[{"href":"https:\/\/www.groupecaroli.mc\/en\/wp-json\/wp\/v2\/pages"}],"about":[{"href":"https:\/\/www.groupecaroli.mc\/en\/wp-json\/wp\/v2\/types\/page"}],"author":[{"embeddable":true,"href":"https:\/\/www.groupecaroli.mc\/en\/wp-json\/wp\/v2\/users\/3"}],"replies":[{"embeddable":true,"href":"https:\/\/www.groupecaroli.mc\/en\/wp-json\/wp\/v2\/comments?post=938"}],"version-history":[{"count":0,"href":"https:\/\/www.groupecaroli.mc\/en\/wp-json\/wp\/v2\/pages\/938\/revisions"}],"wp:attachment":[{"href":"https:\/\/www.groupecaroli.mc\/en\/wp-json\/wp\/v2\/media?parent=938"}],"curies":[{"name":"wp","href":"https:\/\/api.w.org\/{rel}","templated":true}]}}