{"id":1055,"date":"2020-01-11T18:10:17","date_gmt":"2020-01-11T17:10:17","guid":{"rendered":"https:\/\/www.groupecaroli.mc\/caroli-bat\/"},"modified":"2020-01-11T18:10:22","modified_gmt":"2020-01-11T17:10:22","slug":"caroli-bat","status":"publish","type":"page","link":"https:\/\/www.groupecaroli.mc\/it\/caroli-bat\/","title":{"rendered":"CAROLI BAT"},"content":{"rendered":"<div class=\"fusion-fullwidth fullwidth-box fusion-builder-row-1 nonhundred-percent-fullwidth non-hundred-percent-height-scrolling\" style=\"--awb-border-radius-top-left:0px;--awb-border-radius-top-right:0px;--awb-border-radius-bottom-right:0px;--awb-border-radius-bottom-left:0px;--awb-flex-wrap:wrap;\" ><div class=\"fusion-builder-row fusion-row\"><div class=\"fusion-layout-column fusion_builder_column fusion-builder-column-0 fusion_builder_column_1_1 1_1 fusion-one-full fusion-column-first fusion-column-last\" style=\"--awb-bg-size:cover;\"><div class=\"fusion-column-wrapper fusion-column-has-shadow fusion-flex-column-wrapper-legacy\"><div class=\"fusion-section-separator section-separator slant fusion-section-separator-1\" style=\"--awb-spacer-height:99px;--awb-svg-margin-left:0;--awb-svg-margin-right:0;--awb-divider-height:99px;--awb-spacer-padding-top:inherit;--awb-sep-padding:0;--awb-svg-padding:0;\"><div class=\"fusion-section-separator-svg\"><svg class=\"fusion-slant-candy\" xmlns=\"http:\/\/www.w3.org\/2000\/svg\" version=\"1.1\" width=\"100%\" height=\"100\" viewBox=\"0 0 100 100\" preserveAspectRatio=\"none\" fill=\"rgba(0,161,214,1)\"><path d=\"M100 0 L100 100 L0 0 Z\"><\/path><\/svg><\/div><div class=\"fusion-section-separator-spacer\"><div class=\"fusion-section-separator-spacer-height\"><\/div><\/div><\/div><div class=\"fusion-clearfix\"><\/div><\/div><\/div><div class=\"fusion-layout-column fusion_builder_column fusion-builder-column-1 fusion_builder_column_1_3 1_3 fusion-one-third fusion-column-first\" style=\"--awb-bg-size:cover;width:33.333333333333%;width:calc(33.333333333333% - ( ( 4% ) * 0.33333333333333 ) );margin-right: 4%;\"><div class=\"fusion-column-wrapper fusion-column-has-shadow fusion-flex-column-wrapper-legacy\"><div class=\"fusion-image-element fusion-image-align-center in-legacy-container\" style=\"text-align:center;--awb-caption-title-font-family:var(--h2_typography-font-family);--awb-caption-title-font-weight:var(--h2_typography-font-weight);--awb-caption-title-font-style:var(--h2_typography-font-style);--awb-caption-title-size:var(--h2_typography-font-size);--awb-caption-title-transform:var(--h2_typography-text-transform);--awb-caption-title-line-height:var(--h2_typography-line-height);--awb-caption-title-letter-spacing:var(--h2_typography-letter-spacing);\"><div class=\"imageframe-align-center\"><span class=\" fusion-imageframe imageframe-none imageframe-1 hover-type-none\"><img decoding=\"async\" width=\"300\" height=\"125\" title=\"logo-carolibat\" src=\"http:\/\/www.groupecaroli.mc\/wp-content\/uploads\/2019\/10\/logo-carolibat.png\" alt class=\"img-responsive wp-image-975\" srcset=\"https:\/\/www.groupecaroli.mc\/wp-content\/uploads\/2019\/10\/logo-carolibat-200x83.png 200w, https:\/\/www.groupecaroli.mc\/wp-content\/uploads\/2019\/10\/logo-carolibat.png 300w\" sizes=\"(max-width: 800px) 100vw, 300px\" \/><\/span><\/div><\/div><div class=\"fusion-sep-clear\"><\/div><div class=\"fusion-separator fusion-full-width-sep\" style=\"margin-left: auto;margin-right: auto;margin-top:60px;width:100%;\"><\/div><div class=\"fusion-sep-clear\"><\/div>\n<div class=\"fusion-image-element fusion-image-align-center in-legacy-container\" style=\"text-align:center;--awb-caption-title-font-family:var(--h2_typography-font-family);--awb-caption-title-font-weight:var(--h2_typography-font-weight);--awb-caption-title-font-style:var(--h2_typography-font-style);--awb-caption-title-size:var(--h2_typography-font-size);--awb-caption-title-transform:var(--h2_typography-text-transform);--awb-caption-title-line-height:var(--h2_typography-line-height);--awb-caption-title-letter-spacing:var(--h2_typography-letter-spacing);\"><div class=\"imageframe-align-center\"><span class=\" fusion-imageframe imageframe-none imageframe-2 hover-type-none\" style=\"border-radius:5px;\"><img decoding=\"async\" width=\"400\" height=\"300\" title=\"bat\" src=\"http:\/\/www.groupecaroli.mc\/wp-content\/uploads\/2019\/09\/bat.jpg\" alt class=\"img-responsive wp-image-959\" srcset=\"https:\/\/www.groupecaroli.mc\/wp-content\/uploads\/2019\/09\/bat-200x150.jpg 200w, https:\/\/www.groupecaroli.mc\/wp-content\/uploads\/2019\/09\/bat.jpg 400w\" sizes=\"(max-width: 800px) 100vw, 400px\" \/><\/span><\/div><\/div><div class=\"fusion-clearfix\"><\/div><\/div><\/div><div class=\"fusion-layout-column fusion_builder_column fusion-builder-column-2 fusion_builder_column_2_3 2_3 fusion-two-third fusion-column-last\" style=\"--awb-bg-size:cover;width:66.666666666667%;width:calc(66.666666666667% - ( ( 4% ) * 0.66666666666667 ) );\"><div class=\"fusion-column-wrapper fusion-column-has-shadow fusion-flex-column-wrapper-legacy\"><div class=\"fusion-title title fusion-title-1 fusion-sep-none fusion-title-center fusion-title-text fusion-title-size-one\"><h1 class=\"fusion-title-heading title-heading-center\" style=\"margin:0;\">CAROLI BAT<\/h1><\/div><div class=\"fusion-title title fusion-title-2 fusion-sep-none fusion-title-center fusion-title-text fusion-title-size-two\"><h2 class=\"fusion-title-heading title-heading-center\" style=\"margin:0;\">ESTETICA, AFFIDABILIT\u00c0 E LONGEVIT\u00c0 DELLE COSTRUZIONI<\/h2><\/div><div class=\"fusion-text fusion-text-1\"><p>La filiale Caroli Bat, incaricata della costruzione, ha edificato diversi immobili di alto livello nel Principato, associando estetica e materiali di qualit\u00e0. Si tratta di realizzazioni durevoli, garanzia di perennit\u00e0 e stabilit\u00e0 nel mercato monegasco. Il Groupe CAROLI ha sempre dimostrato la sua capacit\u00e0 nel fronteggiare gli imprevisti edilizi e i vincoli urbani legati al territorio di Monaco. Il gruppo ci tiene molto a preservare l\u2019immagine della marca e la sua<br \/>\nreputazione ampiamente riconosciuta a Monaco e fa tutto il necessario per consegnare un prodotto finito perfetto. La R\u00e9serve, Le Soleil d\u2019Or, le Villas del Sole, le Villas Saint Georges, il Monte Carlo Palace, le Terrasses du Port o la Villa Engelin sono degli immobili che dimostrano il savoir-faire della societ\u00e0 Caroli Bat.<\/p>\n<\/div><div class=\"fusion-title title fusion-title-3 fusion-sep-none fusion-title-center fusion-title-text fusion-title-size-two\"><h2 class=\"fusion-title-heading title-heading-center\" style=\"margin:0;\">ATTIVIT\u00c0 IN FRANCIA<\/h2><\/div><div class=\"fusion-text fusion-text-2\"><p>Il Groupe Caroli porta il suo savoir-faire anche al di l\u00e0 delle frontiere monegasche grazie alle sue tre societ\u00e0 sorelle: Caroli Immo France, Caroli Bat France e Caroli TP France, che hanno realizzato numerose opere nei comuni limitrofi e nella regione di Parigi.<br \/>\nNel dicembre 1994 Caroli Bat France e Caroli TP France hanno realizzato una vera e propria sfida urbanistica: il parcheggio sotterraneo a sette piani del \u201cPalais de la M\u00e9diterran\u00e9e\u201d a Nizza. Un cantiere molto vincolante realizzato a 20 metri sotto il livello del mare. Le operazioni pi\u00f9 significative realizzate in Francia sono La R\u00e9serve du Cap, sito a Roquebrune- Cap-Martin, l\u2019Espace Descartes, costruito a Blanc-Mesnil nella regione di Parigi (un palazzo di<br \/>\nuffici e tre hotel della catena Campanile), l\u2019estensione del Grand Hotel di Saint-Jean Cap Ferrat e l\u2019ospedale de la Timone a Marsiglia.<br \/>\nCaroli TP France \u00e8 anche specializzata nei lavori acrobatici, come la manutenzione degli edifici, la protezione delle falesie, il consolidamento delle pareti attraverso la posa dell\u2019inchiodatura e dei tiranti di ancoraggio. La preparazione e la professionalit\u00e0 del suo personale hanno permesso alla societ\u00e0 di realizzare interventi molto audaci e significativi.<\/p>\n<\/div><div class=\"fusion-clearfix\"><\/div><\/div><\/div><div class=\"fusion-layout-column fusion_builder_column fusion-builder-column-3 fusion_builder_column_1_1 1_1 fusion-one-full fusion-column-first fusion-column-last\" style=\"--awb-bg-size:cover;\"><div class=\"fusion-column-wrapper fusion-column-has-shadow fusion-flex-column-wrapper-legacy\"><div id=\"map-multi-marker-1\" class=\"map-multi-marker\" style=\"height: 1000px; width: 100%\"><\/div><div class=\"fusion-section-separator section-separator slant fusion-section-separator-2\" style=\"--awb-spacer-height:99px;--awb-svg-margin-left:0;--awb-svg-margin-right:0;--awb-divider-height:99px;--awb-spacer-padding-top:inherit;--awb-sep-padding:0;--awb-svg-padding:0;--awb-svg-tag-margin-bottom:-3px;--awb-sep-svg-display:block;\"><div class=\"fusion-section-separator-svg\"><svg class=\"fusion-slant-candy\" xmlns=\"http:\/\/www.w3.org\/2000\/svg\" version=\"1.1\" width=\"100%\" height=\"100\" viewBox=\"0 0 100 100\" preserveAspectRatio=\"none\" fill=\"rgba(0,161,214,1)\"><path d=\"M0 0 L0 100 L100 100 Z\"><\/path><\/svg><\/div><div class=\"fusion-section-separator-spacer\"><div class=\"fusion-section-separator-spacer-height\"><\/div><\/div><\/div><div class=\"fusion-clearfix\"><\/div><\/div><\/div><\/div><\/div>\n","protected":false},"excerpt":{"rendered":"","protected":false},"author":3,"featured_media":0,"parent":0,"menu_order":0,"comment_status":"closed","ping_status":"closed","template":"100-width.php","meta":{"footnotes":""},"class_list":["post-1055","page","type-page","status-publish","hentry"],"yoast_head":"<!-- This site is optimized with the Yoast SEO plugin v24.2 - https:\/\/yoast.com\/wordpress\/plugins\/seo\/ -->\n<title>CAROLI BAT - Groupe Caroli<\/title>\n<meta name=\"robots\" content=\"index, follow, max-snippet:-1, max-image-preview:large, max-video-preview:-1\" \/>\n<link rel=\"canonical\" href=\"https:\/\/www.groupecaroli.mc\/it\/caroli-bat\/\" \/>\n<meta property=\"og:locale\" content=\"it_IT\" \/>\n<meta property=\"og:type\" content=\"article\" \/>\n<meta property=\"og:title\" content=\"CAROLI BAT - Groupe Caroli\" \/>\n<meta property=\"og:url\" content=\"https:\/\/www.groupecaroli.mc\/it\/caroli-bat\/\" \/>\n<meta property=\"og:site_name\" content=\"Groupe Caroli\" \/>\n<meta property=\"article:publisher\" content=\"https:\/\/www.facebook.com\/carolicom\/\" \/>\n<meta property=\"article:modified_time\" content=\"2020-01-11T17:10:22+00:00\" \/>\n<meta name=\"twitter:card\" content=\"summary_large_image\" \/>\n<meta name=\"twitter:label1\" content=\"Est. reading time\" \/>\n\t<meta name=\"twitter:data1\" content=\"6 minutes\" \/>\n<script type=\"application\/ld+json\" class=\"yoast-schema-graph\">{\"@context\":\"https:\/\/schema.org\",\"@graph\":[{\"@type\":\"WebPage\",\"@id\":\"https:\/\/www.groupecaroli.mc\/it\/caroli-bat\/\",\"url\":\"https:\/\/www.groupecaroli.mc\/it\/caroli-bat\/\",\"name\":\"CAROLI BAT - Groupe Caroli\",\"isPartOf\":{\"@id\":\"https:\/\/www.groupecaroli.mc\/it\/#website\"},\"datePublished\":\"2020-01-11T17:10:17+00:00\",\"dateModified\":\"2020-01-11T17:10:22+00:00\",\"breadcrumb\":{\"@id\":\"https:\/\/www.groupecaroli.mc\/it\/caroli-bat\/#breadcrumb\"},\"inLanguage\":\"it-IT\",\"potentialAction\":[{\"@type\":\"ReadAction\",\"target\":[\"https:\/\/www.groupecaroli.mc\/it\/caroli-bat\/\"]}]},{\"@type\":\"BreadcrumbList\",\"@id\":\"https:\/\/www.groupecaroli.mc\/it\/caroli-bat\/#breadcrumb\",\"itemListElement\":[{\"@type\":\"ListItem\",\"position\":1,\"name\":\"Accueil\",\"item\":\"https:\/\/www.groupecaroli.mc\/it\/\"},{\"@type\":\"ListItem\",\"position\":2,\"name\":\"CAROLI BAT\"}]},{\"@type\":\"WebSite\",\"@id\":\"https:\/\/www.groupecaroli.mc\/it\/#website\",\"url\":\"https:\/\/www.groupecaroli.mc\/it\/\",\"name\":\"Groupe Caroli\",\"description\":\"Groupe Caroli\",\"publisher\":{\"@id\":\"https:\/\/www.groupecaroli.mc\/it\/#organization\"},\"potentialAction\":[{\"@type\":\"SearchAction\",\"target\":{\"@type\":\"EntryPoint\",\"urlTemplate\":\"https:\/\/www.groupecaroli.mc\/it\/?s={search_term_string}\"},\"query-input\":{\"@type\":\"PropertyValueSpecification\",\"valueRequired\":true,\"valueName\":\"search_term_string\"}}],\"inLanguage\":\"it-IT\"},{\"@type\":\"Organization\",\"@id\":\"https:\/\/www.groupecaroli.mc\/it\/#organization\",\"name\":\"Groupe Caroli\",\"url\":\"https:\/\/www.groupecaroli.mc\/it\/\",\"logo\":{\"@type\":\"ImageObject\",\"inLanguage\":\"it-IT\",\"@id\":\"https:\/\/www.groupecaroli.mc\/it\/#\/schema\/logo\/image\/\",\"url\":\"https:\/\/www.groupecaroli.mc\/wp-content\/uploads\/2020\/11\/favicon.png\",\"contentUrl\":\"https:\/\/www.groupecaroli.mc\/wp-content\/uploads\/2020\/11\/favicon.png\",\"width\":151,\"height\":131,\"caption\":\"Groupe Caroli\"},\"image\":{\"@id\":\"https:\/\/www.groupecaroli.mc\/it\/#\/schema\/logo\/image\/\"},\"sameAs\":[\"https:\/\/www.facebook.com\/carolicom\/\"]}]}<\/script>\n<!-- \/ Yoast SEO plugin. -->","yoast_head_json":{"title":"CAROLI BAT - Groupe Caroli","robots":{"index":"index","follow":"follow","max-snippet":"max-snippet:-1","max-image-preview":"max-image-preview:large","max-video-preview":"max-video-preview:-1"},"canonical":"https:\/\/www.groupecaroli.mc\/it\/caroli-bat\/","og_locale":"it_IT","og_type":"article","og_title":"CAROLI BAT - Groupe Caroli","og_url":"https:\/\/www.groupecaroli.mc\/it\/caroli-bat\/","og_site_name":"Groupe Caroli","article_publisher":"https:\/\/www.facebook.com\/carolicom\/","article_modified_time":"2020-01-11T17:10:22+00:00","twitter_card":"summary_large_image","twitter_misc":{"Est. reading time":"6 minutes"},"schema":{"@context":"https:\/\/schema.org","@graph":[{"@type":"WebPage","@id":"https:\/\/www.groupecaroli.mc\/it\/caroli-bat\/","url":"https:\/\/www.groupecaroli.mc\/it\/caroli-bat\/","name":"CAROLI BAT - Groupe Caroli","isPartOf":{"@id":"https:\/\/www.groupecaroli.mc\/it\/#website"},"datePublished":"2020-01-11T17:10:17+00:00","dateModified":"2020-01-11T17:10:22+00:00","breadcrumb":{"@id":"https:\/\/www.groupecaroli.mc\/it\/caroli-bat\/#breadcrumb"},"inLanguage":"it-IT","potentialAction":[{"@type":"ReadAction","target":["https:\/\/www.groupecaroli.mc\/it\/caroli-bat\/"]}]},{"@type":"BreadcrumbList","@id":"https:\/\/www.groupecaroli.mc\/it\/caroli-bat\/#breadcrumb","itemListElement":[{"@type":"ListItem","position":1,"name":"Accueil","item":"https:\/\/www.groupecaroli.mc\/it\/"},{"@type":"ListItem","position":2,"name":"CAROLI BAT"}]},{"@type":"WebSite","@id":"https:\/\/www.groupecaroli.mc\/it\/#website","url":"https:\/\/www.groupecaroli.mc\/it\/","name":"Groupe Caroli","description":"Groupe Caroli","publisher":{"@id":"https:\/\/www.groupecaroli.mc\/it\/#organization"},"potentialAction":[{"@type":"SearchAction","target":{"@type":"EntryPoint","urlTemplate":"https:\/\/www.groupecaroli.mc\/it\/?s={search_term_string}"},"query-input":{"@type":"PropertyValueSpecification","valueRequired":true,"valueName":"search_term_string"}}],"inLanguage":"it-IT"},{"@type":"Organization","@id":"https:\/\/www.groupecaroli.mc\/it\/#organization","name":"Groupe Caroli","url":"https:\/\/www.groupecaroli.mc\/it\/","logo":{"@type":"ImageObject","inLanguage":"it-IT","@id":"https:\/\/www.groupecaroli.mc\/it\/#\/schema\/logo\/image\/","url":"https:\/\/www.groupecaroli.mc\/wp-content\/uploads\/2020\/11\/favicon.png","contentUrl":"https:\/\/www.groupecaroli.mc\/wp-content\/uploads\/2020\/11\/favicon.png","width":151,"height":131,"caption":"Groupe Caroli"},"image":{"@id":"https:\/\/www.groupecaroli.mc\/it\/#\/schema\/logo\/image\/"},"sameAs":["https:\/\/www.facebook.com\/carolicom\/"]}]}},"_links":{"self":[{"href":"https:\/\/www.groupecaroli.mc\/it\/wp-json\/wp\/v2\/pages\/1055","targetHints":{"allow":["GET"]}}],"collection":[{"href":"https:\/\/www.groupecaroli.mc\/it\/wp-json\/wp\/v2\/pages"}],"about":[{"href":"https:\/\/www.groupecaroli.mc\/it\/wp-json\/wp\/v2\/types\/page"}],"author":[{"embeddable":true,"href":"https:\/\/www.groupecaroli.mc\/it\/wp-json\/wp\/v2\/users\/3"}],"replies":[{"embeddable":true,"href":"https:\/\/www.groupecaroli.mc\/it\/wp-json\/wp\/v2\/comments?post=1055"}],"version-history":[{"count":0,"href":"https:\/\/www.groupecaroli.mc\/it\/wp-json\/wp\/v2\/pages\/1055\/revisions"}],"wp:attachment":[{"href":"https:\/\/www.groupecaroli.mc\/it\/wp-json\/wp\/v2\/media?parent=1055"}],"curies":[{"name":"wp","href":"https:\/\/api.w.org\/{rel}","templated":true}]}}