{"id":1058,"date":"2020-01-11T18:29:01","date_gmt":"2020-01-11T17:29:01","guid":{"rendered":"https:\/\/www.groupecaroli.mc\/caroli-immo\/"},"modified":"2020-01-11T18:29:01","modified_gmt":"2020-01-11T17:29:01","slug":"caroli-immo","status":"publish","type":"page","link":"https:\/\/www.groupecaroli.mc\/it\/caroli-immo\/","title":{"rendered":"CAROLI IMMO"},"content":{"rendered":"<div class=\"fusion-fullwidth fullwidth-box fusion-builder-row-1 nonhundred-percent-fullwidth non-hundred-percent-height-scrolling\" style=\"--awb-border-radius-top-left:0px;--awb-border-radius-top-right:0px;--awb-border-radius-bottom-right:0px;--awb-border-radius-bottom-left:0px;--awb-flex-wrap:wrap;\" ><div class=\"fusion-builder-row fusion-row\"><div class=\"fusion-layout-column fusion_builder_column fusion-builder-column-0 fusion_builder_column_1_1 1_1 fusion-one-full fusion-column-first fusion-column-last\" style=\"--awb-bg-size:cover;\"><div class=\"fusion-column-wrapper fusion-column-has-shadow fusion-flex-column-wrapper-legacy\"><div class=\"fusion-section-separator section-separator slant fusion-section-separator-1\" style=\"--awb-spacer-height:99px;--awb-svg-margin-left:0;--awb-svg-margin-right:0;--awb-divider-height:99px;--awb-spacer-padding-top:inherit;--awb-sep-padding:0;--awb-svg-padding:0;\"><div class=\"fusion-section-separator-svg\"><svg class=\"fusion-slant-candy\" xmlns=\"http:\/\/www.w3.org\/2000\/svg\" version=\"1.1\" width=\"100%\" height=\"100\" viewBox=\"0 0 100 100\" preserveAspectRatio=\"none\" fill=\"rgba(0,161,214,1)\"><path d=\"M100 0 L100 100 L0 0 Z\"><\/path><\/svg><\/div><div class=\"fusion-section-separator-spacer\"><div class=\"fusion-section-separator-spacer-height\"><\/div><\/div><\/div><div class=\"fusion-clearfix\"><\/div><\/div><\/div><div class=\"fusion-layout-column fusion_builder_column fusion-builder-column-1 fusion_builder_column_1_3 1_3 fusion-one-third fusion-column-first\" style=\"--awb-bg-size:cover;width:33.333333333333%;width:calc(33.333333333333% - ( ( 4% ) * 0.33333333333333 ) );margin-right: 4%;\"><div class=\"fusion-column-wrapper fusion-column-has-shadow fusion-flex-column-wrapper-legacy\"><div class=\"fusion-image-element fusion-image-align-center in-legacy-container\" style=\"text-align:center;--awb-caption-title-font-family:var(--h2_typography-font-family);--awb-caption-title-font-weight:var(--h2_typography-font-weight);--awb-caption-title-font-style:var(--h2_typography-font-style);--awb-caption-title-size:var(--h2_typography-font-size);--awb-caption-title-transform:var(--h2_typography-text-transform);--awb-caption-title-line-height:var(--h2_typography-line-height);--awb-caption-title-letter-spacing:var(--h2_typography-letter-spacing);\"><div class=\"imageframe-align-center\"><span class=\" fusion-imageframe imageframe-none imageframe-1 hover-type-none\"><img decoding=\"async\" width=\"300\" height=\"125\" title=\"logo-caroliimmo\" src=\"http:\/\/www.groupecaroli.mc\/wp-content\/uploads\/2019\/10\/logo-caroliimmo.png\" alt class=\"img-responsive wp-image-984\" srcset=\"https:\/\/www.groupecaroli.mc\/wp-content\/uploads\/2019\/10\/logo-caroliimmo-200x83.png 200w, https:\/\/www.groupecaroli.mc\/wp-content\/uploads\/2019\/10\/logo-caroliimmo.png 300w\" sizes=\"(max-width: 800px) 100vw, 300px\" \/><\/span><\/div><\/div><div class=\"fusion-sep-clear\"><\/div><div class=\"fusion-separator fusion-full-width-sep\" style=\"margin-left: auto;margin-right: auto;margin-top:60px;width:100%;\"><\/div><div class=\"fusion-sep-clear\"><\/div>\n<div class=\"fusion-image-element fusion-image-align-center in-legacy-container\" style=\"text-align:center;--awb-caption-title-font-family:var(--h2_typography-font-family);--awb-caption-title-font-weight:var(--h2_typography-font-weight);--awb-caption-title-font-style:var(--h2_typography-font-style);--awb-caption-title-size:var(--h2_typography-font-size);--awb-caption-title-transform:var(--h2_typography-text-transform);--awb-caption-title-line-height:var(--h2_typography-line-height);--awb-caption-title-letter-spacing:var(--h2_typography-letter-spacing);\"><div class=\"imageframe-align-center\"><span class=\" fusion-imageframe imageframe-none imageframe-2 hover-type-none\" style=\"border-radius:5px;\"><img decoding=\"async\" width=\"400\" height=\"300\" title=\"immo\" src=\"http:\/\/www.groupecaroli.mc\/wp-content\/uploads\/2019\/09\/immo.jpg\" alt class=\"img-responsive wp-image-997\" srcset=\"https:\/\/www.groupecaroli.mc\/wp-content\/uploads\/2019\/09\/immo-200x150.jpg 200w, https:\/\/www.groupecaroli.mc\/wp-content\/uploads\/2019\/09\/immo.jpg 400w\" sizes=\"(max-width: 800px) 100vw, 400px\" \/><\/span><\/div><\/div><div class=\"fusion-clearfix\"><\/div><\/div><\/div><div class=\"fusion-layout-column fusion_builder_column fusion-builder-column-2 fusion_builder_column_2_3 2_3 fusion-two-third fusion-column-last\" style=\"--awb-bg-size:cover;width:66.666666666667%;width:calc(66.666666666667% - ( ( 4% ) * 0.66666666666667 ) );\"><div class=\"fusion-column-wrapper fusion-column-has-shadow fusion-flex-column-wrapper-legacy\"><div class=\"fusion-title title fusion-title-1 fusion-sep-none fusion-title-center fusion-title-text fusion-title-size-one\"><h1 class=\"fusion-title-heading title-heading-center\" style=\"margin:0;\">CAROLI IMMO<\/h1><\/div><div class=\"fusion-title title fusion-title-2 fusion-sep-none fusion-title-center fusion-title-text fusion-title-size-two\"><h2 class=\"fusion-title-heading title-heading-center\" style=\"margin:0;\">UN PROMOTORE MULTITASKING<\/h2><\/div><div class=\"fusion-text fusion-text-1\"><p>La filiale Caroli Immo interviene nella promozione e nella gestione immobiliare, nonch\u00e9 nella committenza delegata. Ricerca di terreni edificabili, verifica della fattibilit\u00e0 di un\u2019operazione immobiliare, realizzazione di un progetto preliminare, analisi dei costi e previsione delle spese, ecc. Attraverso tutte le sue realizzazioni la societ\u00e0 ha dimostrato tutto il suo savoir-faire nella gestione delle operazioni immobiliari.<\/p>\n<p><strong>Cantieri rispettosi dell\u2019ambiente.<\/strong><br \/>\nIl coinvolgimento di S.A.S. il Principe Alberto II nello sviluppo sostenibile costituisce una priorit\u00e0 condivisa anche dal Groupe CAROLI. Sono delle necessit\u00e0 ambientali che sui cantieri si traducono in soluzioni edilizie sempre pi\u00f9 ecologiche e performanti: pannelli solari e fotovoltaici, geotermia, utilizzo di macchinari elettrici.<br \/>\nInoltre il Groupe CAROLI si sforza nello sviluppare cantieri a basso inquinamento acustico e cerca di garantire una migliore gestione del materiale di sterro e dei rifiuti. La realizzazione del primo \u201ccantiere verde\u201d per lo Stato, ovvero quello del Liceo tecnico e alberghiero di Monaco sito sull\u2019Ilot Prince Pierre a La Condamine, testimonia l\u2019impegno ecologico del gruppo.<\/p>\n<\/div><div class=\"fusion-title title fusion-title-3 fusion-sep-none fusion-title-center fusion-title-text fusion-title-size-two\"><h2 class=\"fusion-title-heading title-heading-center\" style=\"margin:0;\">LA FIDUCIA DA PARTE DELLO STATO<\/h2><\/div><div class=\"fusion-text fusion-text-2\"><p>Caroli Immo \u00e8 storicamente la prima societ\u00e0 ad avere sottoscritto dei contratti di promozione immobiliare con lo Stato. Lo Stato monegasco \u00e8 quindi uno dei suoi clienti pi\u00f9 fedeli fin dalla creazione del gruppo. Questa stretta collaborazione regolare conferma la professionalit\u00e0 e le capacit\u00e0 di Caroli Bat e<br \/>\nCaroli Immo nella realizzazione di opere di qualit\u00e0 e di grande portata.<br \/>\nIl suo doppio ruolo di promotore e costruttore permette al Gruppo di ottimizzare il rapporto qualit\u00e0\/prezzo e di consegnare allo Stato delle<br \/>\nopere di qualit\u00e0 superiore rispetto agli standard tradizionali.<br \/>\nLa sinergia tra Caroli Immo e Caroli Bat permette inoltre di gestire al meglio i diversi problemi riscontrati durante ogni operazione e, allo stesso tempo, di<br \/>\nminimizzare i tempi di realizzazione.<br \/>\nLe Villas Roma, il Residence Azur, il Magellan, il Residence Athena o le Terrasses du Port sono gli edifici pi\u00f9 prestigiosi dello Stato monegasco e di cui il gruppo ha garantito sia la promozione delegata sia la costruzione.<\/p>\n<\/div><div class=\"fusion-clearfix\"><\/div><\/div><\/div><div class=\"fusion-layout-column fusion_builder_column fusion-builder-column-3 fusion_builder_column_1_1 1_1 fusion-one-full fusion-column-first fusion-column-last\" style=\"--awb-bg-size:cover;\"><div class=\"fusion-column-wrapper fusion-column-has-shadow fusion-flex-column-wrapper-legacy\"><div class=\"fusion-section-separator section-separator slant fusion-section-separator-2\" style=\"--awb-spacer-height:99px;--awb-svg-margin-left:0;--awb-svg-margin-right:0;--awb-divider-height:99px;--awb-spacer-padding-top:inherit;--awb-sep-padding:0;--awb-svg-padding:0;--awb-svg-tag-margin-bottom:-3px;--awb-sep-svg-display:block;\"><div class=\"fusion-section-separator-svg\"><svg class=\"fusion-slant-candy\" xmlns=\"http:\/\/www.w3.org\/2000\/svg\" version=\"1.1\" width=\"100%\" height=\"100\" viewBox=\"0 0 100 100\" preserveAspectRatio=\"none\" fill=\"rgba(0,161,214,1)\"><path d=\"M0 0 L0 100 L100 100 Z\"><\/path><\/svg><\/div><div class=\"fusion-section-separator-spacer\"><div class=\"fusion-section-separator-spacer-height\"><\/div><\/div><\/div><div class=\"fusion-clearfix\"><\/div><\/div><\/div><\/div><\/div>\n","protected":false},"excerpt":{"rendered":"","protected":false},"author":3,"featured_media":0,"parent":0,"menu_order":0,"comment_status":"closed","ping_status":"closed","template":"100-width.php","meta":{"footnotes":""},"class_list":["post-1058","page","type-page","status-publish","hentry"],"yoast_head":"<!-- This site is optimized with the Yoast SEO plugin v24.2 - https:\/\/yoast.com\/wordpress\/plugins\/seo\/ -->\n<title>CAROLI IMMO - Groupe Caroli<\/title>\n<meta name=\"robots\" content=\"index, follow, max-snippet:-1, max-image-preview:large, max-video-preview:-1\" \/>\n<link rel=\"canonical\" href=\"https:\/\/www.groupecaroli.mc\/it\/caroli-immo\/\" \/>\n<meta property=\"og:locale\" content=\"it_IT\" \/>\n<meta property=\"og:type\" content=\"article\" \/>\n<meta property=\"og:title\" content=\"CAROLI IMMO - Groupe Caroli\" \/>\n<meta property=\"og:url\" content=\"https:\/\/www.groupecaroli.mc\/it\/caroli-immo\/\" \/>\n<meta property=\"og:site_name\" content=\"Groupe Caroli\" \/>\n<meta property=\"article:publisher\" content=\"https:\/\/www.facebook.com\/carolicom\/\" \/>\n<meta name=\"twitter:card\" content=\"summary_large_image\" \/>\n<meta name=\"twitter:label1\" content=\"Est. reading time\" \/>\n\t<meta name=\"twitter:data1\" content=\"6 minutes\" \/>\n<script type=\"application\/ld+json\" class=\"yoast-schema-graph\">{\"@context\":\"https:\/\/schema.org\",\"@graph\":[{\"@type\":\"WebPage\",\"@id\":\"https:\/\/www.groupecaroli.mc\/it\/caroli-immo\/\",\"url\":\"https:\/\/www.groupecaroli.mc\/it\/caroli-immo\/\",\"name\":\"CAROLI IMMO - Groupe Caroli\",\"isPartOf\":{\"@id\":\"https:\/\/www.groupecaroli.mc\/it\/#website\"},\"datePublished\":\"2020-01-11T17:29:01+00:00\",\"dateModified\":\"2020-01-11T17:29:01+00:00\",\"breadcrumb\":{\"@id\":\"https:\/\/www.groupecaroli.mc\/it\/caroli-immo\/#breadcrumb\"},\"inLanguage\":\"it-IT\",\"potentialAction\":[{\"@type\":\"ReadAction\",\"target\":[\"https:\/\/www.groupecaroli.mc\/it\/caroli-immo\/\"]}]},{\"@type\":\"BreadcrumbList\",\"@id\":\"https:\/\/www.groupecaroli.mc\/it\/caroli-immo\/#breadcrumb\",\"itemListElement\":[{\"@type\":\"ListItem\",\"position\":1,\"name\":\"Accueil\",\"item\":\"https:\/\/www.groupecaroli.mc\/it\/\"},{\"@type\":\"ListItem\",\"position\":2,\"name\":\"CAROLI IMMO\"}]},{\"@type\":\"WebSite\",\"@id\":\"https:\/\/www.groupecaroli.mc\/it\/#website\",\"url\":\"https:\/\/www.groupecaroli.mc\/it\/\",\"name\":\"Groupe Caroli\",\"description\":\"Groupe Caroli\",\"publisher\":{\"@id\":\"https:\/\/www.groupecaroli.mc\/it\/#organization\"},\"potentialAction\":[{\"@type\":\"SearchAction\",\"target\":{\"@type\":\"EntryPoint\",\"urlTemplate\":\"https:\/\/www.groupecaroli.mc\/it\/?s={search_term_string}\"},\"query-input\":{\"@type\":\"PropertyValueSpecification\",\"valueRequired\":true,\"valueName\":\"search_term_string\"}}],\"inLanguage\":\"it-IT\"},{\"@type\":\"Organization\",\"@id\":\"https:\/\/www.groupecaroli.mc\/it\/#organization\",\"name\":\"Groupe Caroli\",\"url\":\"https:\/\/www.groupecaroli.mc\/it\/\",\"logo\":{\"@type\":\"ImageObject\",\"inLanguage\":\"it-IT\",\"@id\":\"https:\/\/www.groupecaroli.mc\/it\/#\/schema\/logo\/image\/\",\"url\":\"https:\/\/www.groupecaroli.mc\/wp-content\/uploads\/2020\/11\/favicon.png\",\"contentUrl\":\"https:\/\/www.groupecaroli.mc\/wp-content\/uploads\/2020\/11\/favicon.png\",\"width\":151,\"height\":131,\"caption\":\"Groupe Caroli\"},\"image\":{\"@id\":\"https:\/\/www.groupecaroli.mc\/it\/#\/schema\/logo\/image\/\"},\"sameAs\":[\"https:\/\/www.facebook.com\/carolicom\/\"]}]}<\/script>\n<!-- \/ Yoast SEO plugin. -->","yoast_head_json":{"title":"CAROLI IMMO - Groupe Caroli","robots":{"index":"index","follow":"follow","max-snippet":"max-snippet:-1","max-image-preview":"max-image-preview:large","max-video-preview":"max-video-preview:-1"},"canonical":"https:\/\/www.groupecaroli.mc\/it\/caroli-immo\/","og_locale":"it_IT","og_type":"article","og_title":"CAROLI IMMO - Groupe Caroli","og_url":"https:\/\/www.groupecaroli.mc\/it\/caroli-immo\/","og_site_name":"Groupe Caroli","article_publisher":"https:\/\/www.facebook.com\/carolicom\/","twitter_card":"summary_large_image","twitter_misc":{"Est. reading time":"6 minutes"},"schema":{"@context":"https:\/\/schema.org","@graph":[{"@type":"WebPage","@id":"https:\/\/www.groupecaroli.mc\/it\/caroli-immo\/","url":"https:\/\/www.groupecaroli.mc\/it\/caroli-immo\/","name":"CAROLI IMMO - Groupe Caroli","isPartOf":{"@id":"https:\/\/www.groupecaroli.mc\/it\/#website"},"datePublished":"2020-01-11T17:29:01+00:00","dateModified":"2020-01-11T17:29:01+00:00","breadcrumb":{"@id":"https:\/\/www.groupecaroli.mc\/it\/caroli-immo\/#breadcrumb"},"inLanguage":"it-IT","potentialAction":[{"@type":"ReadAction","target":["https:\/\/www.groupecaroli.mc\/it\/caroli-immo\/"]}]},{"@type":"BreadcrumbList","@id":"https:\/\/www.groupecaroli.mc\/it\/caroli-immo\/#breadcrumb","itemListElement":[{"@type":"ListItem","position":1,"name":"Accueil","item":"https:\/\/www.groupecaroli.mc\/it\/"},{"@type":"ListItem","position":2,"name":"CAROLI IMMO"}]},{"@type":"WebSite","@id":"https:\/\/www.groupecaroli.mc\/it\/#website","url":"https:\/\/www.groupecaroli.mc\/it\/","name":"Groupe Caroli","description":"Groupe Caroli","publisher":{"@id":"https:\/\/www.groupecaroli.mc\/it\/#organization"},"potentialAction":[{"@type":"SearchAction","target":{"@type":"EntryPoint","urlTemplate":"https:\/\/www.groupecaroli.mc\/it\/?s={search_term_string}"},"query-input":{"@type":"PropertyValueSpecification","valueRequired":true,"valueName":"search_term_string"}}],"inLanguage":"it-IT"},{"@type":"Organization","@id":"https:\/\/www.groupecaroli.mc\/it\/#organization","name":"Groupe Caroli","url":"https:\/\/www.groupecaroli.mc\/it\/","logo":{"@type":"ImageObject","inLanguage":"it-IT","@id":"https:\/\/www.groupecaroli.mc\/it\/#\/schema\/logo\/image\/","url":"https:\/\/www.groupecaroli.mc\/wp-content\/uploads\/2020\/11\/favicon.png","contentUrl":"https:\/\/www.groupecaroli.mc\/wp-content\/uploads\/2020\/11\/favicon.png","width":151,"height":131,"caption":"Groupe Caroli"},"image":{"@id":"https:\/\/www.groupecaroli.mc\/it\/#\/schema\/logo\/image\/"},"sameAs":["https:\/\/www.facebook.com\/carolicom\/"]}]}},"_links":{"self":[{"href":"https:\/\/www.groupecaroli.mc\/it\/wp-json\/wp\/v2\/pages\/1058","targetHints":{"allow":["GET"]}}],"collection":[{"href":"https:\/\/www.groupecaroli.mc\/it\/wp-json\/wp\/v2\/pages"}],"about":[{"href":"https:\/\/www.groupecaroli.mc\/it\/wp-json\/wp\/v2\/types\/page"}],"author":[{"embeddable":true,"href":"https:\/\/www.groupecaroli.mc\/it\/wp-json\/wp\/v2\/users\/3"}],"replies":[{"embeddable":true,"href":"https:\/\/www.groupecaroli.mc\/it\/wp-json\/wp\/v2\/comments?post=1058"}],"version-history":[{"count":0,"href":"https:\/\/www.groupecaroli.mc\/it\/wp-json\/wp\/v2\/pages\/1058\/revisions"}],"wp:attachment":[{"href":"https:\/\/www.groupecaroli.mc\/it\/wp-json\/wp\/v2\/media?parent=1058"}],"curies":[{"name":"wp","href":"https:\/\/api.w.org\/{rel}","templated":true}]}}