{"id":1073,"date":"2020-01-11T18:53:28","date_gmt":"2020-01-11T17:53:28","guid":{"rendered":"https:\/\/www.groupecaroli.mc\/caroli-media\/"},"modified":"2020-01-11T18:53:29","modified_gmt":"2020-01-11T17:53:29","slug":"caroli-media","status":"publish","type":"page","link":"https:\/\/www.groupecaroli.mc\/it\/caroli-media\/","title":{"rendered":"CAROLI M\u00c9DIA"},"content":{"rendered":"<div class=\"fusion-fullwidth fullwidth-box fusion-builder-row-1 nonhundred-percent-fullwidth non-hundred-percent-height-scrolling\" style=\"--awb-border-radius-top-left:0px;--awb-border-radius-top-right:0px;--awb-border-radius-bottom-right:0px;--awb-border-radius-bottom-left:0px;--awb-flex-wrap:wrap;\" ><div class=\"fusion-builder-row fusion-row\"><div class=\"fusion-layout-column fusion_builder_column fusion-builder-column-0 fusion_builder_column_1_1 1_1 fusion-one-full fusion-column-first fusion-column-last\" style=\"--awb-bg-size:cover;\"><div class=\"fusion-column-wrapper fusion-column-has-shadow fusion-flex-column-wrapper-legacy\"><div class=\"fusion-section-separator section-separator slant fusion-section-separator-1\" style=\"--awb-spacer-height:99px;--awb-svg-margin-left:0;--awb-svg-margin-right:0;--awb-divider-height:99px;--awb-spacer-padding-top:inherit;--awb-sep-padding:0;--awb-svg-padding:0;\"><div class=\"fusion-section-separator-svg\"><svg class=\"fusion-slant-candy\" xmlns=\"http:\/\/www.w3.org\/2000\/svg\" version=\"1.1\" width=\"100%\" height=\"100\" viewBox=\"0 0 100 100\" preserveAspectRatio=\"none\" fill=\"rgba(0,161,214,1)\"><path d=\"M100 0 L100 100 L0 0 Z\"><\/path><\/svg><\/div><div class=\"fusion-section-separator-spacer\"><div class=\"fusion-section-separator-spacer-height\"><\/div><\/div><\/div><div class=\"fusion-clearfix\"><\/div><\/div><\/div><div class=\"fusion-layout-column fusion_builder_column fusion-builder-column-1 fusion_builder_column_1_3 1_3 fusion-one-third fusion-column-first\" style=\"--awb-bg-size:cover;width:33.333333333333%;width:calc(33.333333333333% - ( ( 4% ) * 0.33333333333333 ) );margin-right: 4%;\"><div class=\"fusion-column-wrapper fusion-column-has-shadow fusion-flex-column-wrapper-legacy\"><div class=\"fusion-image-element fusion-image-align-center in-legacy-container\" style=\"text-align:center;--awb-caption-title-font-family:var(--h2_typography-font-family);--awb-caption-title-font-weight:var(--h2_typography-font-weight);--awb-caption-title-font-style:var(--h2_typography-font-style);--awb-caption-title-size:var(--h2_typography-font-size);--awb-caption-title-transform:var(--h2_typography-text-transform);--awb-caption-title-line-height:var(--h2_typography-line-height);--awb-caption-title-letter-spacing:var(--h2_typography-letter-spacing);\"><div class=\"imageframe-align-center\"><span class=\" fusion-imageframe imageframe-none imageframe-1 hover-type-none\"><img decoding=\"async\" width=\"300\" height=\"125\" title=\"logo-carolimedia\" src=\"http:\/\/www.groupecaroli.mc\/wp-content\/uploads\/2019\/10\/logo-carolimedia.png\" alt class=\"img-responsive wp-image-985\" srcset=\"https:\/\/www.groupecaroli.mc\/wp-content\/uploads\/2019\/10\/logo-carolimedia-200x83.png 200w, https:\/\/www.groupecaroli.mc\/wp-content\/uploads\/2019\/10\/logo-carolimedia.png 300w\" sizes=\"(max-width: 800px) 100vw, 300px\" \/><\/span><\/div><\/div><div class=\"fusion-sep-clear\"><\/div><div class=\"fusion-separator fusion-full-width-sep\" style=\"margin-left: auto;margin-right: auto;margin-top:60px;width:100%;\"><\/div><div class=\"fusion-sep-clear\"><\/div>\n<div class=\"fusion-image-element fusion-image-align-center in-legacy-container\" style=\"text-align:center;--awb-caption-title-font-family:var(--h2_typography-font-family);--awb-caption-title-font-weight:var(--h2_typography-font-weight);--awb-caption-title-font-style:var(--h2_typography-font-style);--awb-caption-title-size:var(--h2_typography-font-size);--awb-caption-title-transform:var(--h2_typography-text-transform);--awb-caption-title-line-height:var(--h2_typography-line-height);--awb-caption-title-letter-spacing:var(--h2_typography-letter-spacing);\"><div class=\"imageframe-align-center\"><span class=\" fusion-imageframe imageframe-none imageframe-2 hover-type-none\" style=\"border-radius:5px;\"><img decoding=\"async\" width=\"400\" height=\"300\" title=\"media\" src=\"http:\/\/www.groupecaroli.mc\/wp-content\/uploads\/2019\/09\/media.jpg\" alt class=\"img-responsive wp-image-1001\" srcset=\"https:\/\/www.groupecaroli.mc\/wp-content\/uploads\/2019\/09\/media-200x150.jpg 200w, https:\/\/www.groupecaroli.mc\/wp-content\/uploads\/2019\/09\/media.jpg 400w\" sizes=\"(max-width: 800px) 100vw, 400px\" \/><\/span><\/div><\/div><div class=\"fusion-sep-clear\"><\/div><div class=\"fusion-separator fusion-full-width-sep\" style=\"margin-left: auto;margin-right: auto;margin-top:30px;width:100%;\"><\/div><div class=\"fusion-sep-clear\"><\/div><div class=\"fusion-image-carousel fusion-image-carousel-auto fusion-image-carousel-1\"><div class=\"awb-carousel awb-swiper awb-swiper-carousel\" data-autoplay=\"yes\" data-columns=\"1\" data-itemmargin=\"13\" data-itemwidth=\"180\" data-touchscroll=\"no\" data-imagesize=\"auto\" style=\"--awb-columns:1;\"><div class=\"swiper-wrapper awb-image-carousel-wrapper fusion-flex-align-items-center\"><div class=\"swiper-slide\"><div class=\"fusion-carousel-item-wrapper\"><div class=\"fusion-image-wrapper hover-type-none\"><img decoding=\"async\" width=\"400\" height=\"534\" src=\"https:\/\/www.groupecaroli.mc\/wp-content\/uploads\/2019\/09\/media-observateur.jpg\" class=\"attachment-full size-full\" alt=\"\" srcset=\"https:\/\/www.groupecaroli.mc\/wp-content\/uploads\/2019\/09\/media-observateur-200x267.jpg 200w, https:\/\/www.groupecaroli.mc\/wp-content\/uploads\/2019\/09\/media-observateur-225x300.jpg 225w, https:\/\/www.groupecaroli.mc\/wp-content\/uploads\/2019\/09\/media-observateur.jpg 400w\" sizes=\"(max-width: 400px) 100vw, 400px\" \/><\/div><\/div><\/div><div class=\"swiper-slide\"><div class=\"fusion-carousel-item-wrapper\"><div class=\"fusion-image-wrapper hover-type-none\"><img decoding=\"async\" width=\"400\" height=\"534\" src=\"https:\/\/www.groupecaroli.mc\/wp-content\/uploads\/2019\/09\/media-hebdo.jpg\" class=\"attachment-full size-full\" alt=\"\" srcset=\"https:\/\/www.groupecaroli.mc\/wp-content\/uploads\/2019\/09\/media-hebdo-200x267.jpg 200w, https:\/\/www.groupecaroli.mc\/wp-content\/uploads\/2019\/09\/media-hebdo-225x300.jpg 225w, https:\/\/www.groupecaroli.mc\/wp-content\/uploads\/2019\/09\/media-hebdo.jpg 400w\" sizes=\"(max-width: 400px) 100vw, 400px\" \/><\/div><\/div><\/div><\/div><\/div><\/div><div class=\"fusion-clearfix\"><\/div><\/div><\/div><div class=\"fusion-layout-column fusion_builder_column fusion-builder-column-2 fusion_builder_column_2_3 2_3 fusion-two-third fusion-column-last\" style=\"--awb-bg-size:cover;width:66.666666666667%;width:calc(66.666666666667% - ( ( 4% ) * 0.66666666666667 ) );\"><div class=\"fusion-column-wrapper fusion-column-has-shadow fusion-flex-column-wrapper-legacy\"><div class=\"fusion-title title fusion-title-1 fusion-sep-none fusion-title-center fusion-title-text fusion-title-size-one\"><h1 class=\"fusion-title-heading title-heading-center\" style=\"margin:0;\">CAROLI M\u00c9DIA<\/h1><\/div><div class=\"fusion-title title fusion-title-2 fusion-sep-none fusion-title-center fusion-title-text fusion-title-size-two\"><h2 class=\"fusion-title-heading title-heading-center\" style=\"margin:0;\">MONACO HEBDO, SETTIMANALE<\/h2><\/div><div class=\"fusion-text fusion-text-1\"><p>Fondato nel settembre 1995, Monaco Hebdo \u00e8 il settimanale di riferimento in materia di informazione generale nel Principato. Ogni settimana i giornalisti offrono ai lettori un\u2019informazione esaustiva e dettagliata su tutta l\u2019attualit\u00e0 politica, economica, giuridica, sociale, culturale e sportiva di Monaco nonch\u00e9 sugli eventi internazionali. I monegaschi, i residenti, i membri delle istituzioni, i politici e i funzionari sono lettori fedeli<br \/>\ndi Monaco Hebdo.<\/p>\n<p><strong>Attualit\u00e0 e investigazione<\/strong><br \/>\nOgni settimana la rivista propone un approfondimento sostenuto da testimonianze raccolte sul campo e statistiche. Un vero e proprio plusvalore analitico sui principali eventi del Principato. Disponibile ogni gioved\u00ec in edicola, Monaco<br \/>\nHebdo ha una periodicit\u00e0 ideale per abbordare argomenti fondamentali prendendo le necessarie distanze.<\/p>\n<p><strong>Un\u2019ampia diffusione<\/strong><br \/>\nGode di un\u2019ampia distribuzione a Monaco e nei comuni limitrofi: Beausoleil, Cap d\u2019Ail, Roquebrune-Cap-Martin e Nizza, ovvero la diffusione pi\u00f9 importante a livello locale (a esclusione della stampa quotidiana). Ambasciate, uffici del turismo e monegaschi domiciliati all\u2019estero figurano tra gli abbonati alla rivista. Ogni settimana diverse centinaia di esemplari sono messi a disposizione della clientela dell\u2019eliporto di Monaco, del Monte Carlo Country Club e negli hotel del Principato: Hotel de Paris, Hermitage, Caf\u00e9 de Paris, Hotel M\u00e9tropole, Novotel, Mariott Hotel.<\/p>\n<p><strong>Presenze prestigiose<\/strong><br \/>\nFin dalla sua creazione e durante tutto l\u2019anno sono presenti su Monaco Hebdo numerosi attori della vita economica, sociale e culturale monegasca: Centre de Presse, Monaco T\u00e9l\u00e9com, Op\u00e9ra de Monte-Carlo, Ballets de Monte Carlo, Th\u00e9\u00e2tre Princesse Grace, Fnac, SMEG, H\u00e9liAir Monaco, Barclay\u2019s Banque, Soci\u00e9t\u00e9 G\u00e9n\u00e9rale, Banque Rotschild, Grimaldi Forum, Ascoma. Monaco Hebdo \u00e8 anche partner di diverse manifestazioni prestigiose del Principato.<\/p>\n<p><strong>Una grande visibilit\u00e0<\/strong><br \/>\nMonaco Hebdo dispone di un\u2019ampia visibilit\u00e0 all\u2019interno del Principato. Innanzitutto grazie a una pubblicit\u00e0 regolare nelle edicole, attraverso volantini ed espositori del giornale, ma anche grazie alla diffusione di spot sulle radio locali.<\/p>\n<\/div><div class=\"fusion-title title fusion-title-3 fusion-sep-none fusion-title-center fusion-title-text fusion-title-size-two\"><h2 class=\"fusion-title-heading title-heading-center\" style=\"margin:0;\">L&#8217;OBSERVATEUR DE MONACO, \u00c8 IL MENSILE<\/h2><\/div><div class=\"fusion-text fusion-text-2\"><p>Fondato nel novembre 2005, L\u2019Observateur de Monaco \u00e8 un mensile monegasco di informazione generale.<\/p>\n<p><strong>Analisi e dibattiti<\/strong><br \/>\nPolitica, economia, eventi, sport, societ\u00e0, tempo libero, cultura, legislazione, test, ecc. Ogni mese la squadra de L\u2019Obs\u2019 passa al setaccio tutta l&#8217;attualit\u00e0 del Principato, con inchieste, interviste e reportage. Ma la vera forza de L\u2019Obs\u2019 \u00e8 il suo grande approfondimento, l\u2019occasione di immergersi in temi di attualit\u00e0 relativi a Monaco attraverso inchieste, analisi e contraddittori. E viene data anche la parola agli esperti. Questo permette ai lettori di capire<br \/>\nmeglio la posta in gioco sui temi pi\u00f9 scottanti.<\/p>\n<p><strong>Diffusione ottimizzata<\/strong><br \/>\nL\u2019Observateur de Monaco \u00e8 molto popolare presso il pubblico e le istituzioni con i suoi 11 numeri all\u2019anno e la sua data di pubblicazione fissa all\u2019inizio di ogni mese. Ogni mese diverse centinaia di copie de L\u2019Observateur de Monaco sono disponibili all\u2019eliporto di Monaco, il che ne permette un\u2019ulteriore diffusione. Alla pubblicazione di ogni numero vengono posizionati dei volantini in ogni edicola del Principato.<\/p>\n<\/div><div class=\"fusion-clearfix\"><\/div><\/div><\/div><div class=\"fusion-layout-column fusion_builder_column fusion-builder-column-3 fusion_builder_column_1_1 1_1 fusion-one-full fusion-column-first fusion-column-last\" style=\"--awb-bg-size:cover;\"><div class=\"fusion-column-wrapper fusion-column-has-shadow fusion-flex-column-wrapper-legacy\"><div class=\"fusion-section-separator section-separator slant fusion-section-separator-2\" style=\"--awb-spacer-height:99px;--awb-svg-margin-left:0;--awb-svg-margin-right:0;--awb-divider-height:99px;--awb-spacer-padding-top:inherit;--awb-sep-padding:0;--awb-svg-padding:0;--awb-svg-tag-margin-bottom:-3px;--awb-sep-svg-display:block;\"><div class=\"fusion-section-separator-svg\"><svg class=\"fusion-slant-candy\" xmlns=\"http:\/\/www.w3.org\/2000\/svg\" version=\"1.1\" width=\"100%\" height=\"100\" viewBox=\"0 0 100 100\" preserveAspectRatio=\"none\" fill=\"rgba(0,161,214,1)\"><path d=\"M0 0 L0 100 L100 100 Z\"><\/path><\/svg><\/div><div class=\"fusion-section-separator-spacer\"><div class=\"fusion-section-separator-spacer-height\"><\/div><\/div><\/div><div class=\"fusion-clearfix\"><\/div><\/div><\/div><\/div><\/div>\n","protected":false},"excerpt":{"rendered":"","protected":false},"author":3,"featured_media":0,"parent":0,"menu_order":0,"comment_status":"closed","ping_status":"closed","template":"100-width.php","meta":{"footnotes":""},"class_list":["post-1073","page","type-page","status-publish","hentry"],"yoast_head":"<!-- This site is optimized with the Yoast SEO plugin v24.2 - https:\/\/yoast.com\/wordpress\/plugins\/seo\/ -->\n<title>CAROLI M\u00c9DIA - Groupe Caroli<\/title>\n<meta name=\"robots\" content=\"index, follow, max-snippet:-1, max-image-preview:large, max-video-preview:-1\" \/>\n<link rel=\"canonical\" href=\"https:\/\/www.groupecaroli.mc\/it\/caroli-media\/\" \/>\n<meta property=\"og:locale\" content=\"it_IT\" \/>\n<meta property=\"og:type\" content=\"article\" \/>\n<meta property=\"og:title\" content=\"CAROLI M\u00c9DIA - Groupe Caroli\" \/>\n<meta property=\"og:url\" content=\"https:\/\/www.groupecaroli.mc\/it\/caroli-media\/\" \/>\n<meta property=\"og:site_name\" content=\"Groupe Caroli\" \/>\n<meta property=\"article:publisher\" content=\"https:\/\/www.facebook.com\/carolicom\/\" \/>\n<meta property=\"article:modified_time\" content=\"2020-01-11T17:53:29+00:00\" \/>\n<meta name=\"twitter:card\" content=\"summary_large_image\" \/>\n<meta name=\"twitter:label1\" content=\"Est. reading time\" \/>\n\t<meta name=\"twitter:data1\" content=\"7 minutes\" \/>\n<script type=\"application\/ld+json\" class=\"yoast-schema-graph\">{\"@context\":\"https:\/\/schema.org\",\"@graph\":[{\"@type\":\"WebPage\",\"@id\":\"https:\/\/www.groupecaroli.mc\/it\/caroli-media\/\",\"url\":\"https:\/\/www.groupecaroli.mc\/it\/caroli-media\/\",\"name\":\"CAROLI M\u00c9DIA - Groupe Caroli\",\"isPartOf\":{\"@id\":\"https:\/\/www.groupecaroli.mc\/it\/#website\"},\"datePublished\":\"2020-01-11T17:53:28+00:00\",\"dateModified\":\"2020-01-11T17:53:29+00:00\",\"breadcrumb\":{\"@id\":\"https:\/\/www.groupecaroli.mc\/it\/caroli-media\/#breadcrumb\"},\"inLanguage\":\"it-IT\",\"potentialAction\":[{\"@type\":\"ReadAction\",\"target\":[\"https:\/\/www.groupecaroli.mc\/it\/caroli-media\/\"]}]},{\"@type\":\"BreadcrumbList\",\"@id\":\"https:\/\/www.groupecaroli.mc\/it\/caroli-media\/#breadcrumb\",\"itemListElement\":[{\"@type\":\"ListItem\",\"position\":1,\"name\":\"Accueil\",\"item\":\"https:\/\/www.groupecaroli.mc\/it\/\"},{\"@type\":\"ListItem\",\"position\":2,\"name\":\"CAROLI M\u00c9DIA\"}]},{\"@type\":\"WebSite\",\"@id\":\"https:\/\/www.groupecaroli.mc\/it\/#website\",\"url\":\"https:\/\/www.groupecaroli.mc\/it\/\",\"name\":\"Groupe Caroli\",\"description\":\"Groupe Caroli\",\"publisher\":{\"@id\":\"https:\/\/www.groupecaroli.mc\/it\/#organization\"},\"potentialAction\":[{\"@type\":\"SearchAction\",\"target\":{\"@type\":\"EntryPoint\",\"urlTemplate\":\"https:\/\/www.groupecaroli.mc\/it\/?s={search_term_string}\"},\"query-input\":{\"@type\":\"PropertyValueSpecification\",\"valueRequired\":true,\"valueName\":\"search_term_string\"}}],\"inLanguage\":\"it-IT\"},{\"@type\":\"Organization\",\"@id\":\"https:\/\/www.groupecaroli.mc\/it\/#organization\",\"name\":\"Groupe Caroli\",\"url\":\"https:\/\/www.groupecaroli.mc\/it\/\",\"logo\":{\"@type\":\"ImageObject\",\"inLanguage\":\"it-IT\",\"@id\":\"https:\/\/www.groupecaroli.mc\/it\/#\/schema\/logo\/image\/\",\"url\":\"https:\/\/www.groupecaroli.mc\/wp-content\/uploads\/2020\/11\/favicon.png\",\"contentUrl\":\"https:\/\/www.groupecaroli.mc\/wp-content\/uploads\/2020\/11\/favicon.png\",\"width\":151,\"height\":131,\"caption\":\"Groupe Caroli\"},\"image\":{\"@id\":\"https:\/\/www.groupecaroli.mc\/it\/#\/schema\/logo\/image\/\"},\"sameAs\":[\"https:\/\/www.facebook.com\/carolicom\/\"]}]}<\/script>\n<!-- \/ Yoast SEO plugin. -->","yoast_head_json":{"title":"CAROLI M\u00c9DIA - Groupe Caroli","robots":{"index":"index","follow":"follow","max-snippet":"max-snippet:-1","max-image-preview":"max-image-preview:large","max-video-preview":"max-video-preview:-1"},"canonical":"https:\/\/www.groupecaroli.mc\/it\/caroli-media\/","og_locale":"it_IT","og_type":"article","og_title":"CAROLI M\u00c9DIA - Groupe Caroli","og_url":"https:\/\/www.groupecaroli.mc\/it\/caroli-media\/","og_site_name":"Groupe Caroli","article_publisher":"https:\/\/www.facebook.com\/carolicom\/","article_modified_time":"2020-01-11T17:53:29+00:00","twitter_card":"summary_large_image","twitter_misc":{"Est. reading time":"7 minutes"},"schema":{"@context":"https:\/\/schema.org","@graph":[{"@type":"WebPage","@id":"https:\/\/www.groupecaroli.mc\/it\/caroli-media\/","url":"https:\/\/www.groupecaroli.mc\/it\/caroli-media\/","name":"CAROLI M\u00c9DIA - Groupe Caroli","isPartOf":{"@id":"https:\/\/www.groupecaroli.mc\/it\/#website"},"datePublished":"2020-01-11T17:53:28+00:00","dateModified":"2020-01-11T17:53:29+00:00","breadcrumb":{"@id":"https:\/\/www.groupecaroli.mc\/it\/caroli-media\/#breadcrumb"},"inLanguage":"it-IT","potentialAction":[{"@type":"ReadAction","target":["https:\/\/www.groupecaroli.mc\/it\/caroli-media\/"]}]},{"@type":"BreadcrumbList","@id":"https:\/\/www.groupecaroli.mc\/it\/caroli-media\/#breadcrumb","itemListElement":[{"@type":"ListItem","position":1,"name":"Accueil","item":"https:\/\/www.groupecaroli.mc\/it\/"},{"@type":"ListItem","position":2,"name":"CAROLI M\u00c9DIA"}]},{"@type":"WebSite","@id":"https:\/\/www.groupecaroli.mc\/it\/#website","url":"https:\/\/www.groupecaroli.mc\/it\/","name":"Groupe Caroli","description":"Groupe Caroli","publisher":{"@id":"https:\/\/www.groupecaroli.mc\/it\/#organization"},"potentialAction":[{"@type":"SearchAction","target":{"@type":"EntryPoint","urlTemplate":"https:\/\/www.groupecaroli.mc\/it\/?s={search_term_string}"},"query-input":{"@type":"PropertyValueSpecification","valueRequired":true,"valueName":"search_term_string"}}],"inLanguage":"it-IT"},{"@type":"Organization","@id":"https:\/\/www.groupecaroli.mc\/it\/#organization","name":"Groupe Caroli","url":"https:\/\/www.groupecaroli.mc\/it\/","logo":{"@type":"ImageObject","inLanguage":"it-IT","@id":"https:\/\/www.groupecaroli.mc\/it\/#\/schema\/logo\/image\/","url":"https:\/\/www.groupecaroli.mc\/wp-content\/uploads\/2020\/11\/favicon.png","contentUrl":"https:\/\/www.groupecaroli.mc\/wp-content\/uploads\/2020\/11\/favicon.png","width":151,"height":131,"caption":"Groupe Caroli"},"image":{"@id":"https:\/\/www.groupecaroli.mc\/it\/#\/schema\/logo\/image\/"},"sameAs":["https:\/\/www.facebook.com\/carolicom\/"]}]}},"_links":{"self":[{"href":"https:\/\/www.groupecaroli.mc\/it\/wp-json\/wp\/v2\/pages\/1073","targetHints":{"allow":["GET"]}}],"collection":[{"href":"https:\/\/www.groupecaroli.mc\/it\/wp-json\/wp\/v2\/pages"}],"about":[{"href":"https:\/\/www.groupecaroli.mc\/it\/wp-json\/wp\/v2\/types\/page"}],"author":[{"embeddable":true,"href":"https:\/\/www.groupecaroli.mc\/it\/wp-json\/wp\/v2\/users\/3"}],"replies":[{"embeddable":true,"href":"https:\/\/www.groupecaroli.mc\/it\/wp-json\/wp\/v2\/comments?post=1073"}],"version-history":[{"count":0,"href":"https:\/\/www.groupecaroli.mc\/it\/wp-json\/wp\/v2\/pages\/1073\/revisions"}],"wp:attachment":[{"href":"https:\/\/www.groupecaroli.mc\/it\/wp-json\/wp\/v2\/media?parent=1073"}],"curies":[{"name":"wp","href":"https:\/\/api.w.org\/{rel}","templated":true}]}}